{"id":38633,"date":"2025-12-12T16:07:22","date_gmt":"2025-12-12T16:07:22","guid":{"rendered":"https:\/\/www.tuvendes.com.ar\/demo\/producto\/boligrafo-niza-s-imp\/"},"modified":"2026-05-02T20:06:49","modified_gmt":"2026-05-02T20:06:49","slug":"boligrafo-niza-s-imp","status":"publish","type":"product","link":"https:\/\/www.tuvendes.com.ar\/demo\/producto\/boligrafo-niza-s-imp\/","title":{"rendered":"BOLIGRAFO NIZA, S\/Imp"},"content":{"rendered":"<p>Material: Pl\u00e1stico. \u00c1rea de impresi\u00f3n: 45 x 6 mm (cuerpo) | 40 x 8 mm (clip)<\/p>\n","protected":false},"excerpt":{"rendered":"<p>Material: Pl\u00e1stico. \u00c1rea de impresi\u00f3n: 45 x 6 mm (cuerpo) | 40 x 8 mm (clip)<\/p>\n","protected":false},"featured_media":33400,"template":"","meta":[],"product_brand":[],"product_cat":[1262],"product_tag":[],"class_list":{"0":"post-38633","1":"product","2":"type-product","3":"status-publish","4":"has-post-thumbnail","6":"product_cat-mescrituraplasticos","7":"pa_material-plastico","9":"first","10":"instock","11":"shipping-taxable","12":"purchasable","13":"product-type-variable"},"_links":{"self":[{"href":"https:\/\/www.tuvendes.com.ar\/demo\/wp-json\/wp\/v2\/product\/38633","targetHints":{"allow":["GET"]}}],"collection":[{"href":"https:\/\/www.tuvendes.com.ar\/demo\/wp-json\/wp\/v2\/product"}],"about":[{"href":"https:\/\/www.tuvendes.com.ar\/demo\/wp-json\/wp\/v2\/types\/product"}],"wp:featuredmedia":[{"embeddable":true,"href":"https:\/\/www.tuvendes.com.ar\/demo\/wp-json\/wp\/v2\/media\/33400"}],"wp:attachment":[{"href":"https:\/\/www.tuvendes.com.ar\/demo\/wp-json\/wp\/v2\/media?parent=38633"}],"wp:term":[{"taxonomy":"product_brand","embeddable":true,"href":"https:\/\/www.tuvendes.com.ar\/demo\/wp-json\/wp\/v2\/product_brand?post=38633"},{"taxonomy":"product_cat","embeddable":true,"href":"https:\/\/www.tuvendes.com.ar\/demo\/wp-json\/wp\/v2\/product_cat?post=38633"},{"taxonomy":"product_tag","embeddable":true,"href":"https:\/\/www.tuvendes.com.ar\/demo\/wp-json\/wp\/v2\/product_tag?post=38633"}],"curies":[{"name":"wp","href":"https:\/\/api.w.org\/{rel}","templated":true}]}}