{"id":38678,"date":"2025-12-17T21:32:02","date_gmt":"2025-12-17T21:32:02","guid":{"rendered":"https:\/\/www.tuvendes.com.ar\/demo\/producto\/portacosmeticos-neceser\/"},"modified":"2026-04-15T18:04:20","modified_gmt":"2026-04-15T18:04:20","slug":"portacosmeticos-neceser","status":"publish","type":"product","link":"https:\/\/www.tuvendes.com.ar\/demo\/producto\/portacosmeticos-neceser\/","title":{"rendered":"Portacosmeticos Beauty"},"content":{"rendered":"<div class=\"wpb-content-wrapper\"><p>[vc_row][vc_column][vc_column_text css=\u00bb\u00bb woodmart_inline=\u00bbno\u00bb text_larger=\u00bbno\u00bb]<strong>ESPECIFICACIONES<\/strong><\/p>\n<p>Medidas: Largo: 22cm -Ancho: 17cm -Profundo: 7cm<\/p>\n<p>Un compartimento principal amplio para guardar, por ejemplo, ropa interior, toallas peque\u00f1as, maquillaje, etc.<br \/>\nUn bolsillo desmontable con dos bolsillo con el\u00e1stico que funciona tambi\u00e9n como divisor<br \/>\nDos bolsillo con el\u00e1sticos y malla, ideales para medias, brochas, maquillaje, etc.<\/p>\n<p>\u2022Ideal para organizar dentro de la valija.<br \/>\n\u2022Hecho en tela impermeable, aprueba de polvo y humedad que cuida tus pertenencias.<br \/>\n\u2022Doble cierre recubierto en goma para mayor comodidad<br \/>\n\u2022Cuenta con manija para poder transportarla sin problemas<br \/>\n\u2022Material: Nylon[\/vc_column_text][\/vc_column][\/vc_row]<\/p>\n<\/div>","protected":false},"excerpt":{"rendered":"<p>Neceser organizador de viajes, ideal para organizar tus cosas dentro de la valija.<br \/>\nPosee un compartimento principal amplio para guardar ropa interior, toallas peque\u00f1as, maquillaje, etc. Adem\u00e1s cuenta con un bolsillo desmontable que funciona tambi\u00e9n como divisor y dos bolsillos con el\u00e1sticos y malla, ideales para medias, brochas, maquillaje, etc.<\/p>\n","protected":false},"featured_media":38679,"template":"","meta":[],"product_brand":[],"product_cat":[1537],"product_tag":[],"class_list":{"0":"post-38678","1":"product","2":"type-product","3":"status-publish","4":"has-post-thumbnail","6":"product_cat-novedades","8":"first","9":"instock","10":"shipping-taxable","11":"purchasable","12":"product-type-variable"},"_links":{"self":[{"href":"https:\/\/www.tuvendes.com.ar\/demo\/wp-json\/wp\/v2\/product\/38678","targetHints":{"allow":["GET"]}}],"collection":[{"href":"https:\/\/www.tuvendes.com.ar\/demo\/wp-json\/wp\/v2\/product"}],"about":[{"href":"https:\/\/www.tuvendes.com.ar\/demo\/wp-json\/wp\/v2\/types\/product"}],"wp:featuredmedia":[{"embeddable":true,"href":"https:\/\/www.tuvendes.com.ar\/demo\/wp-json\/wp\/v2\/media\/38679"}],"wp:attachment":[{"href":"https:\/\/www.tuvendes.com.ar\/demo\/wp-json\/wp\/v2\/media?parent=38678"}],"wp:term":[{"taxonomy":"product_brand","embeddable":true,"href":"https:\/\/www.tuvendes.com.ar\/demo\/wp-json\/wp\/v2\/product_brand?post=38678"},{"taxonomy":"product_cat","embeddable":true,"href":"https:\/\/www.tuvendes.com.ar\/demo\/wp-json\/wp\/v2\/product_cat?post=38678"},{"taxonomy":"product_tag","embeddable":true,"href":"https:\/\/www.tuvendes.com.ar\/demo\/wp-json\/wp\/v2\/product_tag?post=38678"}],"curies":[{"name":"wp","href":"https:\/\/api.w.org\/{rel}","templated":true}]}}