{"id":38798,"date":"2025-12-17T21:34:10","date_gmt":"2025-12-17T21:34:10","guid":{"rendered":"https:\/\/www.tuvendes.com.ar\/demo\/producto\/termo-acero-inoxidable-1-lt\/"},"modified":"2026-03-31T21:46:03","modified_gmt":"2026-03-31T21:46:03","slug":"termo-acero-inoxidable-1-lt","status":"publish","type":"product","link":"https:\/\/www.tuvendes.com.ar\/demo\/producto\/termo-acero-inoxidable-1-lt\/","title":{"rendered":"Termo Acero Inoxidable 1 Lt"},"content":{"rendered":"<div class=\"wpb-content-wrapper\"><p>[vc_row][vc_column][vc_column_text css=\u00bb\u00bb woodmart_inline=\u00bbno\u00bb text_larger=\u00bbno\u00bb]Capacidad de 1000 ml, ideal para llevar al trabajo, al gimnasio o al aire libre.<br \/>\nDimensiones aproximadas: altura 30,5 cm, di\u00e1metro 7.5 cm.<br \/>\nPeso: aproximadamente 460 g. Acero inoxidable grado 304, reconocido por su resistencia a la corrosi\u00f3n, facilidad de limpieza y durabilidad.<br \/>\nCertificaci\u00f3n INAL (Instituto Nacional de Alimentos) y libre de PBA, lo que aporta mayor tranquilidad respecto a la seguridad alimentaria.<br \/>\nDise\u00f1o con pico para mate: perfecto tanto para mate como para infusiones o bebidas fr\u00edas.<br \/>\nVentajas Higi\u00e9nico y seguro: gracias al acero 304 y la certificaci\u00f3n, es una opci\u00f3n confiable para bebidas calientes o fr\u00edas.<br \/>\nPortabilidad: tama\u00f1o pr\u00e1ctico y peso equilibrado para trasladarlo con comodidad.<br \/>\nVersatilidad: apto para mate, t\u00e9, caf\u00e9 o agua, tanto en la oficina como en salidas al aire libre.<br \/>\nDurabilidad: materiales de calidad que aseguran una buena vida \u00fatil.[\/vc_column_text][\/vc_column][\/vc_row]<\/p>\n<\/div>","protected":false},"excerpt":{"rendered":"<p>Termo de acero inoxidable grado 304 de 1lt. Ideal para llevar al trabajo, al gimnasio o al aire libre. Certificado por INAL (Instituto Nacional de Alimentos) y libre de PBA. Apto para mate, t\u00e9, caf\u00e9 o agua, tanto en la oficina como en salidas al aire libre.<\/p>\n","protected":false},"featured_media":38799,"template":"","meta":[],"product_brand":[],"product_cat":[1568,1569],"product_tag":[],"class_list":{"0":"post-38798","1":"product","2":"type-product","3":"status-publish","4":"has-post-thumbnail","6":"product_cat-levys","7":"product_cat-termos","9":"first","10":"instock","11":"shipping-taxable","12":"purchasable","13":"product-type-variable"},"_links":{"self":[{"href":"https:\/\/www.tuvendes.com.ar\/demo\/wp-json\/wp\/v2\/product\/38798","targetHints":{"allow":["GET"]}}],"collection":[{"href":"https:\/\/www.tuvendes.com.ar\/demo\/wp-json\/wp\/v2\/product"}],"about":[{"href":"https:\/\/www.tuvendes.com.ar\/demo\/wp-json\/wp\/v2\/types\/product"}],"wp:featuredmedia":[{"embeddable":true,"href":"https:\/\/www.tuvendes.com.ar\/demo\/wp-json\/wp\/v2\/media\/38799"}],"wp:attachment":[{"href":"https:\/\/www.tuvendes.com.ar\/demo\/wp-json\/wp\/v2\/media?parent=38798"}],"wp:term":[{"taxonomy":"product_brand","embeddable":true,"href":"https:\/\/www.tuvendes.com.ar\/demo\/wp-json\/wp\/v2\/product_brand?post=38798"},{"taxonomy":"product_cat","embeddable":true,"href":"https:\/\/www.tuvendes.com.ar\/demo\/wp-json\/wp\/v2\/product_cat?post=38798"},{"taxonomy":"product_tag","embeddable":true,"href":"https:\/\/www.tuvendes.com.ar\/demo\/wp-json\/wp\/v2\/product_tag?post=38798"}],"curies":[{"name":"wp","href":"https:\/\/api.w.org\/{rel}","templated":true}]}}