{"id":38936,"date":"2025-12-26T15:11:44","date_gmt":"2025-12-26T15:11:44","guid":{"rendered":"https:\/\/www.tuvendes.com.ar\/demo\/producto\/ecobolsa-45x40-manijas-s-imp\/"},"modified":"2026-05-02T21:05:37","modified_gmt":"2026-05-02T21:05:37","slug":"ecobolsa-45x40-manijas-s-imp","status":"publish","type":"product","link":"https:\/\/www.tuvendes.com.ar\/demo\/producto\/ecobolsa-45x40-manijas-s-imp\/","title":{"rendered":"ECOBOLSA 45&#215;40 MANIJAS S\/Imp."},"content":{"rendered":"<p>Reutilizables. Material: Tela no tejida 80grs. Tama\u00f1o: 45 x 40 x 10 cm. \u00c1rea de impresi\u00f3n: 28 x 24 cm<\/p>\n","protected":false},"excerpt":{"rendered":"<p>Reutilizables. Material: Tela no tejida 80grs. Tama\u00f1o: 45 x 40 x 10 cm. \u00c1rea de impresi\u00f3n: 28 x 24 cm<\/p>\n","protected":false},"featured_media":33292,"template":"","meta":[],"product_brand":[],"product_cat":[1269],"product_tag":[],"class_list":{"0":"post-38936","1":"product","2":"type-product","3":"status-publish","4":"has-post-thumbnail","6":"product_cat-mecobolsas","7":"pa_material-tela-no-tejida-80grs","9":"first","10":"instock","11":"shipping-taxable","12":"purchasable","13":"product-type-variable"},"_links":{"self":[{"href":"https:\/\/www.tuvendes.com.ar\/demo\/wp-json\/wp\/v2\/product\/38936","targetHints":{"allow":["GET"]}}],"collection":[{"href":"https:\/\/www.tuvendes.com.ar\/demo\/wp-json\/wp\/v2\/product"}],"about":[{"href":"https:\/\/www.tuvendes.com.ar\/demo\/wp-json\/wp\/v2\/types\/product"}],"wp:featuredmedia":[{"embeddable":true,"href":"https:\/\/www.tuvendes.com.ar\/demo\/wp-json\/wp\/v2\/media\/33292"}],"wp:attachment":[{"href":"https:\/\/www.tuvendes.com.ar\/demo\/wp-json\/wp\/v2\/media?parent=38936"}],"wp:term":[{"taxonomy":"product_brand","embeddable":true,"href":"https:\/\/www.tuvendes.com.ar\/demo\/wp-json\/wp\/v2\/product_brand?post=38936"},{"taxonomy":"product_cat","embeddable":true,"href":"https:\/\/www.tuvendes.com.ar\/demo\/wp-json\/wp\/v2\/product_cat?post=38936"},{"taxonomy":"product_tag","embeddable":true,"href":"https:\/\/www.tuvendes.com.ar\/demo\/wp-json\/wp\/v2\/product_tag?post=38936"}],"curies":[{"name":"wp","href":"https:\/\/api.w.org\/{rel}","templated":true}]}}