{"id":38960,"date":"2026-01-06T18:25:55","date_gmt":"2026-01-06T18:25:55","guid":{"rendered":"https:\/\/www.tuvendes.com.ar\/demo\/producto\/mantequera-eco-s-imp\/"},"modified":"2026-05-02T20:04:20","modified_gmt":"2026-05-02T20:04:20","slug":"mantequera-eco-s-imp","status":"publish","type":"product","link":"https:\/\/www.tuvendes.com.ar\/demo\/producto\/mantequera-eco-s-imp\/","title":{"rendered":"MANTEQUERA ECO S\/Imp."},"content":{"rendered":"<p>Material: Alto impacto \/ Compuesto de madera. Tama\u00f1o: 180 x 110 mm. \u00c1rea de impresi\u00f3n: 90 x 66 mm<\/p>\n","protected":false},"excerpt":{"rendered":"<p>Material: Alto impacto \/ Compuesto de madera. Tama\u00f1o: 180 x 110 mm. \u00c1rea de impresi\u00f3n: 90 x 66 mm<\/p>\n","protected":false},"featured_media":38961,"template":"","meta":[],"product_brand":[],"product_cat":[1244],"product_tag":[],"class_list":{"0":"post-38960","1":"product","2":"type-product","3":"status-publish","4":"has-post-thumbnail","6":"product_cat-mgastronomia","7":"pa_material-alto-impacto-compuesto-de-madera","9":"first","10":"instock","11":"shipping-taxable","12":"purchasable","13":"product-type-variable"},"_links":{"self":[{"href":"https:\/\/www.tuvendes.com.ar\/demo\/wp-json\/wp\/v2\/product\/38960","targetHints":{"allow":["GET"]}}],"collection":[{"href":"https:\/\/www.tuvendes.com.ar\/demo\/wp-json\/wp\/v2\/product"}],"about":[{"href":"https:\/\/www.tuvendes.com.ar\/demo\/wp-json\/wp\/v2\/types\/product"}],"wp:featuredmedia":[{"embeddable":true,"href":"https:\/\/www.tuvendes.com.ar\/demo\/wp-json\/wp\/v2\/media\/38961"}],"wp:attachment":[{"href":"https:\/\/www.tuvendes.com.ar\/demo\/wp-json\/wp\/v2\/media?parent=38960"}],"wp:term":[{"taxonomy":"product_brand","embeddable":true,"href":"https:\/\/www.tuvendes.com.ar\/demo\/wp-json\/wp\/v2\/product_brand?post=38960"},{"taxonomy":"product_cat","embeddable":true,"href":"https:\/\/www.tuvendes.com.ar\/demo\/wp-json\/wp\/v2\/product_cat?post=38960"},{"taxonomy":"product_tag","embeddable":true,"href":"https:\/\/www.tuvendes.com.ar\/demo\/wp-json\/wp\/v2\/product_tag?post=38960"}],"curies":[{"name":"wp","href":"https:\/\/api.w.org\/{rel}","templated":true}]}}