{"id":38979,"date":"2026-01-19T17:06:38","date_gmt":"2026-01-19T17:06:38","guid":{"rendered":"https:\/\/www.tuvendes.com.ar\/demo\/producto\/botella-dakar-t-s-imp\/"},"modified":"2026-05-02T23:01:24","modified_gmt":"2026-05-02T23:01:24","slug":"botella-dakar-t-s-imp","status":"publish","type":"product","link":"https:\/\/www.tuvendes.com.ar\/demo\/producto\/botella-dakar-t-s-imp\/","title":{"rendered":"BOTELLA DAKAR T S\/Imp."},"content":{"rendered":"<p>Material: Tapa PEAD \/ Cuerpo PET. Tama\u00f1o: \u00f8 70 x 235 mm. \u00c1rea de impresi\u00f3n: 35 x 100 mm<\/p>\n","protected":false},"excerpt":{"rendered":"<p>Material: Tapa PEAD \/ Cuerpo PET. Tama\u00f1o: \u00f8 70 x 235 mm. \u00c1rea de impresi\u00f3n: 35 x 100 mm<\/p>\n","protected":false},"featured_media":38980,"template":"","meta":[],"product_brand":[],"product_cat":[1244],"product_tag":[],"class_list":{"0":"post-38979","1":"product","2":"type-product","3":"status-publish","4":"has-post-thumbnail","6":"product_cat-mgastronomia","7":"pa_material-tapa-pead-cuerpo-pet","9":"first","10":"instock","11":"shipping-taxable","12":"purchasable","13":"product-type-simple"},"_links":{"self":[{"href":"https:\/\/www.tuvendes.com.ar\/demo\/wp-json\/wp\/v2\/product\/38979","targetHints":{"allow":["GET"]}}],"collection":[{"href":"https:\/\/www.tuvendes.com.ar\/demo\/wp-json\/wp\/v2\/product"}],"about":[{"href":"https:\/\/www.tuvendes.com.ar\/demo\/wp-json\/wp\/v2\/types\/product"}],"wp:featuredmedia":[{"embeddable":true,"href":"https:\/\/www.tuvendes.com.ar\/demo\/wp-json\/wp\/v2\/media\/38980"}],"wp:attachment":[{"href":"https:\/\/www.tuvendes.com.ar\/demo\/wp-json\/wp\/v2\/media?parent=38979"}],"wp:term":[{"taxonomy":"product_brand","embeddable":true,"href":"https:\/\/www.tuvendes.com.ar\/demo\/wp-json\/wp\/v2\/product_brand?post=38979"},{"taxonomy":"product_cat","embeddable":true,"href":"https:\/\/www.tuvendes.com.ar\/demo\/wp-json\/wp\/v2\/product_cat?post=38979"},{"taxonomy":"product_tag","embeddable":true,"href":"https:\/\/www.tuvendes.com.ar\/demo\/wp-json\/wp\/v2\/product_tag?post=38979"}],"curies":[{"name":"wp","href":"https:\/\/api.w.org\/{rel}","templated":true}]}}