{"id":3898,"date":"2024-11-15T18:19:35","date_gmt":"2024-11-15T18:19:35","guid":{"rendered":"https:\/\/www.tuvendes.com.ar\/demo\/producto\/boligrafo-pascal\/"},"modified":"2026-04-30T15:10:39","modified_gmt":"2026-04-30T15:10:39","slug":"boligrafo-pascal","status":"publish","type":"product","link":"https:\/\/www.tuvendes.com.ar\/demo\/producto\/boligrafo-pascal\/","title":{"rendered":"Boligrafo Pascal"},"content":{"rendered":"<p>Bol\u00edgrafo de cuerpo pl\u00e1stico, con sistema retr\u00e1ctil.  Tinta color negro, 500 mts de escritura.<\/p>\n","protected":false},"excerpt":{"rendered":"<p>Bol\u00edgrafo de cuerpo pl\u00e1stico, con sistema retr\u00e1ctil. Tinta color negro, 500 mts de escritura.<\/p>\n","protected":false},"featured_media":43854,"template":"","meta":[],"product_brand":[],"product_cat":[1761],"product_tag":[],"class_list":{"0":"post-3898","1":"product","2":"type-product","3":"status-publish","4":"has-post-thumbnail","6":"product_cat-escritura","7":"pa_variant-amarillo","8":"pa_variant-rojo","10":"first","11":"instock","12":"shipping-taxable","13":"purchasable","14":"product-type-variable"},"_links":{"self":[{"href":"https:\/\/www.tuvendes.com.ar\/demo\/wp-json\/wp\/v2\/product\/3898","targetHints":{"allow":["GET"]}}],"collection":[{"href":"https:\/\/www.tuvendes.com.ar\/demo\/wp-json\/wp\/v2\/product"}],"about":[{"href":"https:\/\/www.tuvendes.com.ar\/demo\/wp-json\/wp\/v2\/types\/product"}],"wp:featuredmedia":[{"embeddable":true,"href":"https:\/\/www.tuvendes.com.ar\/demo\/wp-json\/wp\/v2\/media\/43854"}],"wp:attachment":[{"href":"https:\/\/www.tuvendes.com.ar\/demo\/wp-json\/wp\/v2\/media?parent=3898"}],"wp:term":[{"taxonomy":"product_brand","embeddable":true,"href":"https:\/\/www.tuvendes.com.ar\/demo\/wp-json\/wp\/v2\/product_brand?post=3898"},{"taxonomy":"product_cat","embeddable":true,"href":"https:\/\/www.tuvendes.com.ar\/demo\/wp-json\/wp\/v2\/product_cat?post=3898"},{"taxonomy":"product_tag","embeddable":true,"href":"https:\/\/www.tuvendes.com.ar\/demo\/wp-json\/wp\/v2\/product_tag?post=3898"}],"curies":[{"name":"wp","href":"https:\/\/api.w.org\/{rel}","templated":true}]}}