{"id":39090,"date":"2026-01-23T16:10:43","date_gmt":"2026-01-23T16:10:43","guid":{"rendered":"https:\/\/www.tuvendes.com.ar\/demo\/producto\/cooler-cerrillo\/"},"modified":"2026-04-16T13:38:13","modified_gmt":"2026-04-16T13:38:13","slug":"cooler-cerrillo","status":"publish","type":"product","link":"https:\/\/www.tuvendes.com.ar\/demo\/producto\/cooler-cerrillo\/","title":{"rendered":"Cooler CERRILLO"},"content":{"rendered":"<p>Cooler confeccionado en Tarpaulin con interior en PEVA + PE. Cuenta con estructura de aluminio, dos manijas para facilitar el transporte, cierre y cabezal met\u00e1lico color negro y un bolsillo frontal para guardar objetos peque\u00f1os. Adem\u00e1s, el cooler Cerillo es plegable, facilitando el transporte y almacenamiento del mismo. Capacidad: 26 Lts. Es el compa\u00f1ero ideal para llevar a picnics, viajes o cualquier actividad al aire libre. Pampero<\/p>\n","protected":false},"excerpt":{"rendered":"<p>Cooler confeccionado en Tarpaulin con interior en PEVA + PE. Cuenta con estructura de aluminio, dos manijas para facilitar el<\/p>\n","protected":false},"featured_media":39092,"template":"","meta":[],"product_brand":[1889],"product_cat":[1770],"product_tag":[],"class_list":{"0":"post-39090","1":"product","2":"type-product","3":"status-publish","4":"has-post-thumbnail","6":"product_brand-pampero","7":"product_cat-coolers-y-luncheras","8":"pa_variant-gris-claro-gris-claro-algodon-poliest","10":"first","11":"instock","12":"shipping-taxable","13":"purchasable","14":"product-type-variable"},"_links":{"self":[{"href":"https:\/\/www.tuvendes.com.ar\/demo\/wp-json\/wp\/v2\/product\/39090","targetHints":{"allow":["GET"]}}],"collection":[{"href":"https:\/\/www.tuvendes.com.ar\/demo\/wp-json\/wp\/v2\/product"}],"about":[{"href":"https:\/\/www.tuvendes.com.ar\/demo\/wp-json\/wp\/v2\/types\/product"}],"wp:featuredmedia":[{"embeddable":true,"href":"https:\/\/www.tuvendes.com.ar\/demo\/wp-json\/wp\/v2\/media\/39092"}],"wp:attachment":[{"href":"https:\/\/www.tuvendes.com.ar\/demo\/wp-json\/wp\/v2\/media?parent=39090"}],"wp:term":[{"taxonomy":"product_brand","embeddable":true,"href":"https:\/\/www.tuvendes.com.ar\/demo\/wp-json\/wp\/v2\/product_brand?post=39090"},{"taxonomy":"product_cat","embeddable":true,"href":"https:\/\/www.tuvendes.com.ar\/demo\/wp-json\/wp\/v2\/product_cat?post=39090"},{"taxonomy":"product_tag","embeddable":true,"href":"https:\/\/www.tuvendes.com.ar\/demo\/wp-json\/wp\/v2\/product_tag?post=39090"}],"curies":[{"name":"wp","href":"https:\/\/api.w.org\/{rel}","templated":true}]}}