{"id":39098,"date":"2026-01-23T16:10:48","date_gmt":"2026-01-23T16:10:48","guid":{"rendered":"https:\/\/www.tuvendes.com.ar\/demo\/producto\/bolsa-m9\/"},"modified":"2026-04-19T13:18:32","modified_gmt":"2026-04-19T13:18:32","slug":"bolsa-m9","status":"publish","type":"product","link":"https:\/\/www.tuvendes.com.ar\/demo\/producto\/bolsa-m9\/","title":{"rendered":"Bolsa M9 23x25x10"},"content":{"rendered":"<p>Bolsa reutilizable plana sin fuelle lateral, con base oval. Fabricada en friselina 80g\/m2. Cuenta con manija calada tipo ri\u00f1on. Es ideal para el d\u00eda a d\u00eda, compras ligeras o eventos promocionales.<\/p>\n<p>Tahg<\/p>\n","protected":false},"excerpt":{"rendered":"<p>Bolsa reutilizable plana sin fuelle lateral, con base oval. Fabricada en friselina 80g\/m2. Cuenta con manija calada tipo ri\u00f1on. Es<\/p>\n","protected":false},"featured_media":39100,"template":"","meta":[],"product_brand":[],"product_cat":[1773],"product_tag":[],"class_list":{"0":"post-39098","1":"product","2":"type-product","3":"status-publish","4":"has-post-thumbnail","6":"product_cat-bolsas-y-tote-bags","7":"pa_variant-azul-marino-azul-marino-friselina","8":"pa_variant-beige-kaki-beige-kaki-friselina","9":"pa_variant-blanco-blanco-friselina","10":"pa_variant-gris-gris-friselina","11":"pa_variant-negro-negro-friselina","12":"pa_variant-rojo-rojo-friselina","13":"pa_variant-verde-verde-friselina","15":"first","16":"instock","17":"shipping-taxable","18":"purchasable","19":"product-type-variable"},"_links":{"self":[{"href":"https:\/\/www.tuvendes.com.ar\/demo\/wp-json\/wp\/v2\/product\/39098","targetHints":{"allow":["GET"]}}],"collection":[{"href":"https:\/\/www.tuvendes.com.ar\/demo\/wp-json\/wp\/v2\/product"}],"about":[{"href":"https:\/\/www.tuvendes.com.ar\/demo\/wp-json\/wp\/v2\/types\/product"}],"wp:featuredmedia":[{"embeddable":true,"href":"https:\/\/www.tuvendes.com.ar\/demo\/wp-json\/wp\/v2\/media\/39100"}],"wp:attachment":[{"href":"https:\/\/www.tuvendes.com.ar\/demo\/wp-json\/wp\/v2\/media?parent=39098"}],"wp:term":[{"taxonomy":"product_brand","embeddable":true,"href":"https:\/\/www.tuvendes.com.ar\/demo\/wp-json\/wp\/v2\/product_brand?post=39098"},{"taxonomy":"product_cat","embeddable":true,"href":"https:\/\/www.tuvendes.com.ar\/demo\/wp-json\/wp\/v2\/product_cat?post=39098"},{"taxonomy":"product_tag","embeddable":true,"href":"https:\/\/www.tuvendes.com.ar\/demo\/wp-json\/wp\/v2\/product_tag?post=39098"}],"curies":[{"name":"wp","href":"https:\/\/api.w.org\/{rel}","templated":true}]}}