{"id":39172,"date":"2026-01-23T16:11:36","date_gmt":"2026-01-23T16:11:36","guid":{"rendered":"https:\/\/www.tuvendes.com.ar\/demo\/producto\/mate-uruguayo\/"},"modified":"2026-04-20T19:29:37","modified_gmt":"2026-04-20T19:29:37","slug":"mate-uruguayo","status":"publish","type":"product","link":"https:\/\/www.tuvendes.com.ar\/demo\/producto\/mate-uruguayo\/","title":{"rendered":"Mate Uruguayo"},"content":{"rendered":"<p>Mate de calabaza tipo camionero moldeado en cuero vacuno con aro de acero inoxidable pulido espejo. Es ideal para uso diario, campa\u00f1as institucionales o packs promocionales. Incluye bombilla pico de loro y una bolsa de algod\u00f3n de 20 x 20cm. <\/p>\n<p>Al estar fabricado con materiales naturales, el producto puede presentar variaciones en color y tama\u00f1o.<\/p>\n<p>Especificaciones<br \/>\n&#8211; Virola de acero inoxidable pulido espejo sin pegamento, presionada a maquina.<br \/>\n&#8211; Cosido a mano con hilo encerado color crema.<br \/>\n&#8211; Capacidad de yerba: Entre 30 y 50gr.<br \/>\n&#8211; Medida boca: Puede variar entre 90, 100 y 110mm.<br \/>\n&#8211; Altura: 11.5cm.<\/p>\n<p>Proceso de curado:<br \/>\n1. Llen\u00e1 el mate con yerba nueva hasta el borde del metal o el final de la calabaza.<br \/>\n2. Humedec\u00e9 la yerba con agua tibia, asegur\u00e1ndote de que quede bien h\u00fameda.<br \/>\n3. Dej\u00e1 reposar durante 24hs.<br \/>\n4. Retir\u00e1 la yerba con una cuchara.<br \/>\n5. Repet\u00ed los pasos anteriores 4 veces m\u00e1s.<br \/>\n6. Una vez finalizado, dej\u00e1 secar en un lugar ventilado o con sol. <\/p>\n<p>Pampa Spirit.<\/p>\n","protected":false},"excerpt":{"rendered":"<p>Mate de calabaza tipo camionero moldeado en cuero vacuno con aro de acero inoxidable pulido espejo. Es ideal para uso<\/p>\n","protected":false},"featured_media":39173,"template":"","meta":[],"product_brand":[],"product_cat":[1758,1775,1780],"product_tag":[],"class_list":{"0":"post-39172","1":"product","2":"type-product","3":"status-publish","4":"has-post-thumbnail","6":"product_cat-2026-reingresos","7":"product_cat-mates","8":"product_cat-proximos-arribos","9":"pa_variant-marron-cuero","11":"first","12":"instock","13":"shipping-taxable","14":"purchasable","15":"product-type-variable"},"_links":{"self":[{"href":"https:\/\/www.tuvendes.com.ar\/demo\/wp-json\/wp\/v2\/product\/39172","targetHints":{"allow":["GET"]}}],"collection":[{"href":"https:\/\/www.tuvendes.com.ar\/demo\/wp-json\/wp\/v2\/product"}],"about":[{"href":"https:\/\/www.tuvendes.com.ar\/demo\/wp-json\/wp\/v2\/types\/product"}],"wp:featuredmedia":[{"embeddable":true,"href":"https:\/\/www.tuvendes.com.ar\/demo\/wp-json\/wp\/v2\/media\/39173"}],"wp:attachment":[{"href":"https:\/\/www.tuvendes.com.ar\/demo\/wp-json\/wp\/v2\/media?parent=39172"}],"wp:term":[{"taxonomy":"product_brand","embeddable":true,"href":"https:\/\/www.tuvendes.com.ar\/demo\/wp-json\/wp\/v2\/product_brand?post=39172"},{"taxonomy":"product_cat","embeddable":true,"href":"https:\/\/www.tuvendes.com.ar\/demo\/wp-json\/wp\/v2\/product_cat?post=39172"},{"taxonomy":"product_tag","embeddable":true,"href":"https:\/\/www.tuvendes.com.ar\/demo\/wp-json\/wp\/v2\/product_tag?post=39172"}],"curies":[{"name":"wp","href":"https:\/\/api.w.org\/{rel}","templated":true}]}}