{"id":39214,"date":"2026-01-23T16:12:05","date_gmt":"2026-01-23T16:12:05","guid":{"rendered":"https:\/\/www.tuvendes.com.ar\/demo\/producto\/mate-imperial-con-guarda-pampa\/"},"modified":"2026-04-17T18:32:39","modified_gmt":"2026-04-17T18:32:39","slug":"mate-imperial-con-guarda-pampa","status":"publish","type":"product","link":"https:\/\/www.tuvendes.com.ar\/demo\/producto\/mate-imperial-con-guarda-pampa\/","title":{"rendered":"Mate Imperial (con guarda pampa)"},"content":{"rendered":"<p>Mate de calabaza tipo imperial modelado en cuero vaqueta vacuno, cuenta con virola superior de acero inoxidable pulido espejo con un dise\u00f1o de guarda pampa grabado. Ideal para uso diario, regalos corporativos o como producto destacado en tiendas especializadas. Incluye bombilla pico de loro y una bolsa de algod\u00f3n de 20 x 20cm. <\/p>\n<p>Al estar fabricado con materiales naturales, el producto puede presentar variaciones en color y tama\u00f1o.<\/p>\n<p>Especificaciones<br \/>\n&#8211; Capacidad de yerba: 30 a 50gr<br \/>\n&#8211; Cosido a mano con hilo encerado color crema.<br \/>\n&#8211; Medida boca: Puede variar entre 90, 100, 110mm<br \/>\n&#8211; Altura: 12cm<br \/>\n&#8211; Peso: 280gr<\/p>\n<p>Proceso de curado:<br \/>\n1. Llen\u00e1 el mate con yerba nueva hasta el borde del metal o el final de la calabaza.<br \/>\n2. Humedec\u00e9 la yerba con agua tibia, asegur\u00e1ndote de que quede bien h\u00fameda.<br \/>\n3. Dej\u00e1 reposar durante 24hs.<br \/>\n4. Retir\u00e1 la yerba con una cuchara.<br \/>\n5. Repet\u00ed los pasos anteriores 4 veces m\u00e1s.<br \/>\n6. Una vez finalizado, dej\u00e1 secar completamente en un lugar ventilado o con sol.<\/p>\n<p>Pampa Spirit.<\/p>\n","protected":false},"excerpt":{"rendered":"<p>Mate de calabaza tipo imperial modelado en cuero vaqueta vacuno, cuenta con virola superior de acero inoxidable pulido espejo con<\/p>\n","protected":false},"featured_media":39216,"template":"","meta":[],"product_brand":[1890],"product_cat":[1758,1775],"product_tag":[],"class_list":{"0":"post-39214","1":"product","2":"type-product","3":"status-publish","4":"has-post-thumbnail","6":"product_brand-pampa-spirit","7":"product_cat-2026-reingresos","8":"product_cat-mates","9":"pa_variant-marron-cuero","11":"first","12":"instock","13":"shipping-taxable","14":"purchasable","15":"product-type-variable"},"_links":{"self":[{"href":"https:\/\/www.tuvendes.com.ar\/demo\/wp-json\/wp\/v2\/product\/39214","targetHints":{"allow":["GET"]}}],"collection":[{"href":"https:\/\/www.tuvendes.com.ar\/demo\/wp-json\/wp\/v2\/product"}],"about":[{"href":"https:\/\/www.tuvendes.com.ar\/demo\/wp-json\/wp\/v2\/types\/product"}],"wp:featuredmedia":[{"embeddable":true,"href":"https:\/\/www.tuvendes.com.ar\/demo\/wp-json\/wp\/v2\/media\/39216"}],"wp:attachment":[{"href":"https:\/\/www.tuvendes.com.ar\/demo\/wp-json\/wp\/v2\/media?parent=39214"}],"wp:term":[{"taxonomy":"product_brand","embeddable":true,"href":"https:\/\/www.tuvendes.com.ar\/demo\/wp-json\/wp\/v2\/product_brand?post=39214"},{"taxonomy":"product_cat","embeddable":true,"href":"https:\/\/www.tuvendes.com.ar\/demo\/wp-json\/wp\/v2\/product_cat?post=39214"},{"taxonomy":"product_tag","embeddable":true,"href":"https:\/\/www.tuvendes.com.ar\/demo\/wp-json\/wp\/v2\/product_tag?post=39214"}],"curies":[{"name":"wp","href":"https:\/\/api.w.org\/{rel}","templated":true}]}}