{"id":39236,"date":"2026-01-23T16:12:20","date_gmt":"2026-01-23T16:12:20","guid":{"rendered":"https:\/\/www.tuvendes.com.ar\/demo\/producto\/mate-algarrobo\/"},"modified":"2026-04-20T19:27:55","modified_gmt":"2026-04-20T19:27:55","slug":"mate-algarrobo","status":"publish","type":"product","link":"https:\/\/www.tuvendes.com.ar\/demo\/producto\/mate-algarrobo\/","title":{"rendered":"Mate Algarrobo"},"content":{"rendered":"<p>Mate confeccionado en madera de algarrobo, una opci\u00f3n natural y resistente. Su acabado en tono marr\u00f3n claro resalta las vetas propias del material. Es ideal para el hogar, la oficina o como regalo institucional. Incluye una bombilla de acero inoxidable con resorte.<\/p>\n<p>Al estar fabricado con materiales naturales, el producto puede presentar variaciones en color y tama\u00f1o.<\/p>\n<p>Material: Madera de algarrobo.<br \/>\nMedidas: 6,5 cm (di\u00e1metro) x 9 cm (alto)<br \/>\nColor: Marr\u00f3n claro (natural)<\/p>\n<p>Proceso de Curado:<br \/>\n1. Coloc\u00e1 en el interior una fina capa de manteca o unas gotas de aceite y distribu\u00ed bien.<br \/>\n2. Llenalo con yerba ya utilizada, humedeci\u00e9ndola suavemente si est\u00e1 muy seca. Repet\u00ed este proceso durante dos noches consecutivas.<br \/>\n3. El procedimiento dura alrededor de tres d\u00edas y permite que los poros de la madera se nutran, se sellen y se adapten al uso.<\/p>\n<p>Importante:<br \/>\nNo agregues agua directamente al mate sin yerba.<br \/>\nEvit\u00e1 usar agua hirviendo en las primeras cebadas.<\/p>\n<p>Pampa Spirit<\/p>\n","protected":false},"excerpt":{"rendered":"<p>Mate confeccionado en madera de algarrobo, una opci\u00f3n natural y resistente. Su acabado en tono marr\u00f3n claro resalta las vetas<\/p>\n","protected":false},"featured_media":39237,"template":"","meta":[],"product_brand":[1890],"product_cat":[1775],"product_tag":[],"class_list":{"0":"post-39236","1":"product","2":"type-product","3":"status-publish","4":"has-post-thumbnail","6":"product_brand-pampa-spirit","7":"product_cat-mates","8":"pa_variant-marron-madera","10":"first","11":"instock","12":"shipping-taxable","13":"purchasable","14":"product-type-variable"},"_links":{"self":[{"href":"https:\/\/www.tuvendes.com.ar\/demo\/wp-json\/wp\/v2\/product\/39236","targetHints":{"allow":["GET"]}}],"collection":[{"href":"https:\/\/www.tuvendes.com.ar\/demo\/wp-json\/wp\/v2\/product"}],"about":[{"href":"https:\/\/www.tuvendes.com.ar\/demo\/wp-json\/wp\/v2\/types\/product"}],"wp:featuredmedia":[{"embeddable":true,"href":"https:\/\/www.tuvendes.com.ar\/demo\/wp-json\/wp\/v2\/media\/39237"}],"wp:attachment":[{"href":"https:\/\/www.tuvendes.com.ar\/demo\/wp-json\/wp\/v2\/media?parent=39236"}],"wp:term":[{"taxonomy":"product_brand","embeddable":true,"href":"https:\/\/www.tuvendes.com.ar\/demo\/wp-json\/wp\/v2\/product_brand?post=39236"},{"taxonomy":"product_cat","embeddable":true,"href":"https:\/\/www.tuvendes.com.ar\/demo\/wp-json\/wp\/v2\/product_cat?post=39236"},{"taxonomy":"product_tag","embeddable":true,"href":"https:\/\/www.tuvendes.com.ar\/demo\/wp-json\/wp\/v2\/product_tag?post=39236"}],"curies":[{"name":"wp","href":"https:\/\/api.w.org\/{rel}","templated":true}]}}