{"id":39435,"date":"2026-01-23T16:14:28","date_gmt":"2026-01-23T16:14:28","guid":{"rendered":"https:\/\/www.tuvendes.com.ar\/demo\/producto\/mate-zaino\/"},"modified":"2026-04-20T20:14:31","modified_gmt":"2026-04-20T20:14:31","slug":"mate-zaino","status":"publish","type":"product","link":"https:\/\/www.tuvendes.com.ar\/demo\/producto\/mate-zaino\/","title":{"rendered":"Mate Zaino"},"content":{"rendered":"<p>Mate de algarrobo seleccionado pulido con virola imperial de acero inoxidable guarda pampa. Cada pieza puede presentar vetas y nudos que le otorgan un car\u00e1cter \u00fanico. Es ideal para quienes desean un mate resistente, elegante y c\u00f3modo para el uso diario o para regalar.<\/p>\n<p>Capacidad: 60 a 75gr de yerba.<br \/>\nDimensiones:<br \/>\n&#8211; Di\u00e1metro exterior de boca 9 cm, interior 6,3 cm.<br \/>\n&#8211; Altura entre 9,5 y 9,8 cm.<br \/>\n&#8211; Peso entre 295 y 315 g.<\/p>\n<p>Pampa Spirit<\/p>\n","protected":false},"excerpt":{"rendered":"<p>Mate de algarrobo seleccionado pulido con virola imperial de acero inoxidable guarda pampa. Cada pieza puede presentar vetas y nudos<\/p>\n","protected":false},"featured_media":39437,"template":"","meta":[],"product_brand":[1890],"product_cat":[1758,1775,1780],"product_tag":[],"class_list":{"0":"post-39435","1":"product","2":"type-product","3":"status-publish","4":"has-post-thumbnail","6":"product_brand-pampa-spirit","7":"product_cat-2026-reingresos","8":"product_cat-mates","9":"product_cat-proximos-arribos","10":"pa_variant-natural-madera","12":"first","13":"instock","14":"shipping-taxable","15":"purchasable","16":"product-type-variable"},"_links":{"self":[{"href":"https:\/\/www.tuvendes.com.ar\/demo\/wp-json\/wp\/v2\/product\/39435","targetHints":{"allow":["GET"]}}],"collection":[{"href":"https:\/\/www.tuvendes.com.ar\/demo\/wp-json\/wp\/v2\/product"}],"about":[{"href":"https:\/\/www.tuvendes.com.ar\/demo\/wp-json\/wp\/v2\/types\/product"}],"wp:featuredmedia":[{"embeddable":true,"href":"https:\/\/www.tuvendes.com.ar\/demo\/wp-json\/wp\/v2\/media\/39437"}],"wp:attachment":[{"href":"https:\/\/www.tuvendes.com.ar\/demo\/wp-json\/wp\/v2\/media?parent=39435"}],"wp:term":[{"taxonomy":"product_brand","embeddable":true,"href":"https:\/\/www.tuvendes.com.ar\/demo\/wp-json\/wp\/v2\/product_brand?post=39435"},{"taxonomy":"product_cat","embeddable":true,"href":"https:\/\/www.tuvendes.com.ar\/demo\/wp-json\/wp\/v2\/product_cat?post=39435"},{"taxonomy":"product_tag","embeddable":true,"href":"https:\/\/www.tuvendes.com.ar\/demo\/wp-json\/wp\/v2\/product_tag?post=39435"}],"curies":[{"name":"wp","href":"https:\/\/api.w.org\/{rel}","templated":true}]}}