{"id":40007,"date":"2026-01-23T16:21:26","date_gmt":"2026-01-23T16:21:26","guid":{"rendered":"https:\/\/www.tuvendes.com.ar\/demo\/producto\/llavero-fine\/"},"modified":"2026-04-20T18:09:45","modified_gmt":"2026-04-20T18:09:45","slug":"llavero-fine","status":"publish","type":"product","link":"https:\/\/www.tuvendes.com.ar\/demo\/producto\/llavero-fine\/","title":{"rendered":"Llavero fine"},"content":{"rendered":"<p>Llavero confeccionado con aluminio y poliuretano (PU). Este accesorio es ideal para mantener tus llaves y peque\u00f1os objetos organizados y seguros. Gracias a su dise\u00f1o, puedes colgarlo en cualquier lado, ya sea en tu bolso, mochila o cintur\u00f3n, facilitando su acceso en todo momento.<br \/>\nEl producto se presenta en una caja de pl\u00e1stico termoformado.<br \/>\nTahg<\/p>\n","protected":false},"excerpt":{"rendered":"<p>Llavero confeccionado con aluminio y poliuretano (PU). Este accesorio es ideal para mantener tus llaves y peque\u00f1os objetos organizados y<\/p>\n","protected":false},"featured_media":40008,"template":"","meta":[],"product_brand":[1891],"product_cat":[1758,1774],"product_tag":[],"class_list":{"0":"post-40007","1":"product","2":"type-product","3":"status-publish","4":"has-post-thumbnail","6":"product_brand-tahg","7":"product_cat-2026-reingresos","8":"product_cat-llaveros","9":"pa_variant-negro","11":"first","12":"instock","13":"shipping-taxable","14":"purchasable","15":"product-type-variable"},"_links":{"self":[{"href":"https:\/\/www.tuvendes.com.ar\/demo\/wp-json\/wp\/v2\/product\/40007","targetHints":{"allow":["GET"]}}],"collection":[{"href":"https:\/\/www.tuvendes.com.ar\/demo\/wp-json\/wp\/v2\/product"}],"about":[{"href":"https:\/\/www.tuvendes.com.ar\/demo\/wp-json\/wp\/v2\/types\/product"}],"wp:featuredmedia":[{"embeddable":true,"href":"https:\/\/www.tuvendes.com.ar\/demo\/wp-json\/wp\/v2\/media\/40008"}],"wp:attachment":[{"href":"https:\/\/www.tuvendes.com.ar\/demo\/wp-json\/wp\/v2\/media?parent=40007"}],"wp:term":[{"taxonomy":"product_brand","embeddable":true,"href":"https:\/\/www.tuvendes.com.ar\/demo\/wp-json\/wp\/v2\/product_brand?post=40007"},{"taxonomy":"product_cat","embeddable":true,"href":"https:\/\/www.tuvendes.com.ar\/demo\/wp-json\/wp\/v2\/product_cat?post=40007"},{"taxonomy":"product_tag","embeddable":true,"href":"https:\/\/www.tuvendes.com.ar\/demo\/wp-json\/wp\/v2\/product_tag?post=40007"}],"curies":[{"name":"wp","href":"https:\/\/api.w.org\/{rel}","templated":true}]}}