{"id":40035,"date":"2026-01-23T16:22:06","date_gmt":"2026-01-23T16:22:06","guid":{"rendered":"https:\/\/www.tuvendes.com.ar\/demo\/producto\/estuche-para-boligrafo-kraft\/"},"modified":"2026-04-14T16:13:33","modified_gmt":"2026-04-14T16:13:33","slug":"estuche-para-boligrafo-kraft","status":"publish","type":"product","link":"https:\/\/www.tuvendes.com.ar\/demo\/producto\/estuche-para-boligrafo-kraft\/","title":{"rendered":"Estuche para Bol\u00edgrafo Kraft"},"content":{"rendered":"<p>Estuche para bol\u00edgrafo hecho de papel kraft natural fabricado en papel kraft reciclable cuenta con dise\u00f1o minimalista y liviano ideal para presentaciones de bol\u00edgrafos en eventos corporativos ferias promociones y regalos empresariales.<\/p>\n<p>Dimensiones: 15.5 x 4 cm<\/p>\n<p>Peso: 3.9 g<\/p>\n<p>TAHG<\/p>\n","protected":false},"excerpt":{"rendered":"<p>Estuche para bol\u00edgrafo hecho de papel kraft natural fabricado en papel kraft reciclable cuenta con dise\u00f1o minimalista y liviano ideal<\/p>\n","protected":false},"featured_media":40036,"template":"","meta":[],"product_brand":[1896],"product_cat":[1754],"product_tag":[],"class_list":{"0":"post-40035","1":"product","2":"type-product","3":"status-publish","4":"has-post-thumbnail","6":"product_brand-re-use-me","7":"product_cat-escritorio","8":"pa_variant-marron-marron-papel","10":"first","11":"instock","12":"shipping-taxable","13":"purchasable","14":"product-type-variable"},"_links":{"self":[{"href":"https:\/\/www.tuvendes.com.ar\/demo\/wp-json\/wp\/v2\/product\/40035","targetHints":{"allow":["GET"]}}],"collection":[{"href":"https:\/\/www.tuvendes.com.ar\/demo\/wp-json\/wp\/v2\/product"}],"about":[{"href":"https:\/\/www.tuvendes.com.ar\/demo\/wp-json\/wp\/v2\/types\/product"}],"wp:featuredmedia":[{"embeddable":true,"href":"https:\/\/www.tuvendes.com.ar\/demo\/wp-json\/wp\/v2\/media\/40036"}],"wp:attachment":[{"href":"https:\/\/www.tuvendes.com.ar\/demo\/wp-json\/wp\/v2\/media?parent=40035"}],"wp:term":[{"taxonomy":"product_brand","embeddable":true,"href":"https:\/\/www.tuvendes.com.ar\/demo\/wp-json\/wp\/v2\/product_brand?post=40035"},{"taxonomy":"product_cat","embeddable":true,"href":"https:\/\/www.tuvendes.com.ar\/demo\/wp-json\/wp\/v2\/product_cat?post=40035"},{"taxonomy":"product_tag","embeddable":true,"href":"https:\/\/www.tuvendes.com.ar\/demo\/wp-json\/wp\/v2\/product_tag?post=40035"}],"curies":[{"name":"wp","href":"https:\/\/api.w.org\/{rel}","templated":true}]}}