{"id":40052,"date":"2026-01-23T16:22:23","date_gmt":"2026-01-23T16:22:23","guid":{"rendered":"https:\/\/www.tuvendes.com.ar\/demo\/producto\/mate-alazan-calabaza-cinturon-de-cuero\/"},"modified":"2026-04-20T22:04:14","modified_gmt":"2026-04-20T22:04:14","slug":"mate-alazan-calabaza-cinturon-de-cuero","status":"publish","type":"product","link":"https:\/\/www.tuvendes.com.ar\/demo\/producto\/mate-alazan-calabaza-cinturon-de-cuero\/","title":{"rendered":"Mate Alazan ( calabaza + cinturon de cuero)"},"content":{"rendered":"<p>Mate de calabaza natural seleccionada y pulida, montada sobre un cintur\u00f3n regulable de cuero vaqueta vacuno. Su base de cuero brinda firmeza, y su capacidad lo hace ideal para disfrutar largas rondas de mate en cualquier entorno. Incluye bombilla de acero inoxidable con resorte y una bolsa de algod\u00f3n de 20 x 20cm. <\/p>\n<p>Al estar fabricado con materiales naturales, el producto puede presentar variaciones en color y tama\u00f1o, y el cintur\u00f3n puede contener diferencias en el espesor, color, marcas naturales y dureza.<\/p>\n<p>Especificaciones<br \/>\n&#8211; Capacidad de yerba: entre 30 y 50gr<br \/>\n&#8211; Boca: 9.5cm<br \/>\n&#8211; Altura total: 10cm<\/p>\n<p>Proceso de curado:<br \/>\n1. Llen\u00e1 el mate con yerba nueva hasta el borde del metal o el final de la calabaza.<br \/>\n2. Humedec\u00e9 la yerba con agua tibia, asegur\u00e1ndote de que quede bien h\u00fameda.<br \/>\n3. Dej\u00e1 reposar durante 24hs.<br \/>\n4. Retir\u00e1 la yerba con una cuchara.<br \/>\n5. Repet\u00ed los pasos anteriores 4 veces m\u00e1s.<br \/>\n6. Una vez finalizado, dej\u00e1 secar completamente en un lugar ventilado o con sol.<\/p>\n<p>Pampa Spirit.<\/p>\n","protected":false},"excerpt":{"rendered":"<p>Mate de calabaza natural seleccionada y pulida, montada sobre un cintur\u00f3n regulable de cuero vaqueta vacuno. Su base de cuero<\/p>\n","protected":false},"featured_media":40053,"template":"","meta":[],"product_brand":[1890],"product_cat":[1787,1758,1775],"product_tag":[],"class_list":{"0":"post-40052","1":"product","2":"type-product","3":"status-publish","4":"has-post-thumbnail","6":"product_brand-pampa-spirit","7":"product_cat-2026-agro","8":"product_cat-2026-reingresos","9":"product_cat-mates","10":"pa_variant-natural-calabaza","12":"first","13":"instock","14":"shipping-taxable","15":"purchasable","16":"product-type-variable"},"_links":{"self":[{"href":"https:\/\/www.tuvendes.com.ar\/demo\/wp-json\/wp\/v2\/product\/40052","targetHints":{"allow":["GET"]}}],"collection":[{"href":"https:\/\/www.tuvendes.com.ar\/demo\/wp-json\/wp\/v2\/product"}],"about":[{"href":"https:\/\/www.tuvendes.com.ar\/demo\/wp-json\/wp\/v2\/types\/product"}],"wp:featuredmedia":[{"embeddable":true,"href":"https:\/\/www.tuvendes.com.ar\/demo\/wp-json\/wp\/v2\/media\/40053"}],"wp:attachment":[{"href":"https:\/\/www.tuvendes.com.ar\/demo\/wp-json\/wp\/v2\/media?parent=40052"}],"wp:term":[{"taxonomy":"product_brand","embeddable":true,"href":"https:\/\/www.tuvendes.com.ar\/demo\/wp-json\/wp\/v2\/product_brand?post=40052"},{"taxonomy":"product_cat","embeddable":true,"href":"https:\/\/www.tuvendes.com.ar\/demo\/wp-json\/wp\/v2\/product_cat?post=40052"},{"taxonomy":"product_tag","embeddable":true,"href":"https:\/\/www.tuvendes.com.ar\/demo\/wp-json\/wp\/v2\/product_tag?post=40052"}],"curies":[{"name":"wp","href":"https:\/\/api.w.org\/{rel}","templated":true}]}}