{"id":4140,"date":"2024-11-15T18:21:09","date_gmt":"2024-11-15T18:21:09","guid":{"rendered":"https:\/\/www.tuvendes.com.ar\/demo\/producto\/auriculares-nexus\/"},"modified":"2026-04-30T18:01:44","modified_gmt":"2026-04-30T18:01:44","slug":"auriculares-nexus","status":"publish","type":"product","link":"https:\/\/www.tuvendes.com.ar\/demo\/producto\/auriculares-nexus\/","title":{"rendered":"Auriculares NEXUS"},"content":{"rendered":"<p>Auriculares inal\u00e1mbricos estilo diademoa, Incluye Micr\u00f3fono para manos libres. Bluetooth. Bater\u00eda: 300 mAh. Distancia de conexi\u00f3n: 10 metros. Incluye manual de uso y cable usb.<br \/>\nPackaging: caja blanca.<br \/>\nTahg.<\/p>\n","protected":false},"excerpt":{"rendered":"<p>Auriculares inal\u00e1mbricos estilo diademoa, Incluye Micr\u00f3fono para manos libres. Bluetooth. Bater\u00eda: 300 mAh. Distancia de conexi\u00f3n: 10 metros. Incluye manual<\/p>\n","protected":false},"featured_media":44108,"template":"","meta":[],"product_brand":[1891],"product_cat":[1759,1756,1772],"product_tag":[],"class_list":{"0":"post-4140","1":"product","2":"type-product","3":"status-publish","4":"has-post-thumbnail","6":"product_brand-tahg","7":"product_cat-logo-24hs","8":"product_cat-tecnologia","9":"product_cat-viajes","10":"pa_variant-plastico-negro","12":"first","13":"instock","14":"shipping-taxable","15":"purchasable","16":"product-type-variable"},"_links":{"self":[{"href":"https:\/\/www.tuvendes.com.ar\/demo\/wp-json\/wp\/v2\/product\/4140","targetHints":{"allow":["GET"]}}],"collection":[{"href":"https:\/\/www.tuvendes.com.ar\/demo\/wp-json\/wp\/v2\/product"}],"about":[{"href":"https:\/\/www.tuvendes.com.ar\/demo\/wp-json\/wp\/v2\/types\/product"}],"wp:featuredmedia":[{"embeddable":true,"href":"https:\/\/www.tuvendes.com.ar\/demo\/wp-json\/wp\/v2\/media\/44108"}],"wp:attachment":[{"href":"https:\/\/www.tuvendes.com.ar\/demo\/wp-json\/wp\/v2\/media?parent=4140"}],"wp:term":[{"taxonomy":"product_brand","embeddable":true,"href":"https:\/\/www.tuvendes.com.ar\/demo\/wp-json\/wp\/v2\/product_brand?post=4140"},{"taxonomy":"product_cat","embeddable":true,"href":"https:\/\/www.tuvendes.com.ar\/demo\/wp-json\/wp\/v2\/product_cat?post=4140"},{"taxonomy":"product_tag","embeddable":true,"href":"https:\/\/www.tuvendes.com.ar\/demo\/wp-json\/wp\/v2\/product_tag?post=4140"}],"curies":[{"name":"wp","href":"https:\/\/api.w.org\/{rel}","templated":true}]}}