{"id":4230,"date":"2024-11-15T18:21:50","date_gmt":"2024-11-15T18:21:50","guid":{"rendered":"https:\/\/www.tuvendes.com.ar\/demo\/producto\/paraguas-stich-automatico\/"},"modified":"2026-04-17T15:04:33","modified_gmt":"2026-04-17T15:04:33","slug":"paraguas-stich-automatico","status":"publish","type":"product","link":"https:\/\/www.tuvendes.com.ar\/demo\/producto\/paraguas-stich-automatico\/","title":{"rendered":"Paraguas STICH Automatico"},"content":{"rendered":"<p>Paraguas confeccionado en Pongee 190T de alta resistencia, impermeabilidad y calidad. Posee un robusto marco de 8 varillas de apertura autom\u00e1tica, realizado con un material exclusivo que combina fibra de vidrio y pl\u00e1stico super ligero que le brinda durabilidad y no atrae rayos. Mango de pl\u00e1stico cubierto con una goma, de dise\u00f1o anat\u00f3mico para un agarre c\u00f3modo y no deslizante en condiciones de h\u00famedad. Medidas: Largo. 83 cm x di\u00e1metro 105 cm.<br \/>\nWagner.<\/p>\n","protected":false},"excerpt":{"rendered":"<p>Paraguas confeccionado en Pongee 190T de alta resistencia, impermeabilidad y calidad. Posee un robusto marco de 8 varillas de apertura<\/p>\n","protected":false},"featured_media":40958,"template":"","meta":[],"product_brand":[1892],"product_cat":[1771],"product_tag":[],"class_list":{"0":"post-4230","1":"product","2":"type-product","3":"status-publish","4":"has-post-thumbnail","6":"product_brand-wagner","7":"product_cat-paraguas","8":"pa_variant-azul-gris-plata-plastico","9":"pa_variant-gris-plata-gris-plata-plastico","10":"pa_variant-rojo-gris-plata-plastico","12":"first","13":"instock","14":"shipping-taxable","15":"purchasable","16":"product-type-variable"},"_links":{"self":[{"href":"https:\/\/www.tuvendes.com.ar\/demo\/wp-json\/wp\/v2\/product\/4230","targetHints":{"allow":["GET"]}}],"collection":[{"href":"https:\/\/www.tuvendes.com.ar\/demo\/wp-json\/wp\/v2\/product"}],"about":[{"href":"https:\/\/www.tuvendes.com.ar\/demo\/wp-json\/wp\/v2\/types\/product"}],"wp:featuredmedia":[{"embeddable":true,"href":"https:\/\/www.tuvendes.com.ar\/demo\/wp-json\/wp\/v2\/media\/40958"}],"wp:attachment":[{"href":"https:\/\/www.tuvendes.com.ar\/demo\/wp-json\/wp\/v2\/media?parent=4230"}],"wp:term":[{"taxonomy":"product_brand","embeddable":true,"href":"https:\/\/www.tuvendes.com.ar\/demo\/wp-json\/wp\/v2\/product_brand?post=4230"},{"taxonomy":"product_cat","embeddable":true,"href":"https:\/\/www.tuvendes.com.ar\/demo\/wp-json\/wp\/v2\/product_cat?post=4230"},{"taxonomy":"product_tag","embeddable":true,"href":"https:\/\/www.tuvendes.com.ar\/demo\/wp-json\/wp\/v2\/product_tag?post=4230"}],"curies":[{"name":"wp","href":"https:\/\/api.w.org\/{rel}","templated":true}]}}