{"id":43,"date":"2024-11-12T19:40:23","date_gmt":"2024-11-12T19:40:23","guid":{"rendered":"https:\/\/www.tuvendes.com.ar\/demo\/producto\/botellas-de-aluminio\/"},"modified":"2025-08-28T12:03:34","modified_gmt":"2025-08-28T12:03:34","slug":"botellas-de-aluminio","status":"publish","type":"product","link":"https:\/\/www.tuvendes.com.ar\/demo\/producto\/botellas-de-aluminio\/","title":{"rendered":"Botellas de Aluminio"},"content":{"rendered":"<p>Las botellas de aluminio permiten conservar los l\u00edquidos de una manera segura.<\/p>\n<p>Posee una capacidad de 500ml o 750ml y tapa pl\u00e1stica a rosca y resulta ideal para actividades al aire libre. Se imprime con tintas UV y <a href=\"https:\/\/www.elementi.com.ar\/2024\/04\/15\/elementi-incorpora-nueva-tecnologia-de-impresion-uv-dtf\/\">UV DTF<\/a>.<\/p>\n<p>Cada botella se entrega en su caja individual.<\/p>\n<p>Colores disponibles: plateado, negro y blanco.<\/p>\n<p>Medidas: 750ml tiene 24.5 cm de alto (con tapa \/ mosquet\u00f3n), 21.5cm sin tapa y 7 cm de di\u00e1metro.<br \/>\nMedidas: 500ml tiene 20.5 cm de alto (con tapa \/ mosquet\u00f3n), 17,5cm sin tapa y 6.5 cm de di\u00e1metro.<\/p>\n<p>\u00c1rea de Impresi\u00f3n: 2 x 8 cm para 500ml y 2&#215;12 para 750ml (vertical)<\/p>\n<p>Para un \u00e1rea de impresi\u00f3n de hasta 10 x 12 cm (impresi\u00f3n rotativa) adicionar $989,81+iva al precio unitario.<br \/>\nPersonalizaci\u00f3n Nombre por unidad adicionar $981,00+iva al precio unitario.<\/p>\n<p>No utilizar productos abrasivos para lavado de las botellas ni lavavajillas.<\/p>\n<p><strong>ELEMENTI en Acci\u00f3n<\/strong><\/p><\/p>\n","protected":false},"excerpt":{"rendered":"<p>Botella de Aluminio Personalizada y Sin Impresi\u00f3n de Logo. Confeccionada en aluminio permite conservar los l\u00edquidos de una manera segura.<\/p>\n<p>Posee una capacidad de 500cc o 750 cc y tapa pl\u00e1stica a rosca y resulta ideal para actividades al aire libre. Se imprime full color con tintas UV \/ UV DTF.<\/p>\n<p>\u00c1rea de Impresi\u00f3n: 2 x 8 cm para 500ml y 2&#215;12 para 750ml (vertical)<\/p>\n<p>Para un \u00e1rea de impresi\u00f3n de hasta 10 x 12 cm (impresi\u00f3n rotativa) adicionar $989,81+iva al precio unitario.<br \/>\nPersonalizaci\u00f3n Nombre por unidad adicionar $981,00+iva al precio unitario.<\/p><\/p>\n","protected":false},"featured_media":45,"template":"","meta":[],"product_brand":[],"product_cat":[124],"product_tag":[],"class_list":{"0":"post-43","1":"product","2":"type-product","3":"status-publish","4":"has-post-thumbnail","6":"product_cat-elementi","7":"pa_custom-impresion-full-color","8":"pa_custom-sin-personalizacion","9":"pa_custom-sin-personalizacion-sublimable","11":"first","12":"instock","13":"shipping-taxable","14":"purchasable","15":"product-type-variable"},"_links":{"self":[{"href":"https:\/\/www.tuvendes.com.ar\/demo\/wp-json\/wp\/v2\/product\/43","targetHints":{"allow":["GET"]}}],"collection":[{"href":"https:\/\/www.tuvendes.com.ar\/demo\/wp-json\/wp\/v2\/product"}],"about":[{"href":"https:\/\/www.tuvendes.com.ar\/demo\/wp-json\/wp\/v2\/types\/product"}],"wp:featuredmedia":[{"embeddable":true,"href":"https:\/\/www.tuvendes.com.ar\/demo\/wp-json\/wp\/v2\/media\/45"}],"wp:attachment":[{"href":"https:\/\/www.tuvendes.com.ar\/demo\/wp-json\/wp\/v2\/media?parent=43"}],"wp:term":[{"taxonomy":"product_brand","embeddable":true,"href":"https:\/\/www.tuvendes.com.ar\/demo\/wp-json\/wp\/v2\/product_brand?post=43"},{"taxonomy":"product_cat","embeddable":true,"href":"https:\/\/www.tuvendes.com.ar\/demo\/wp-json\/wp\/v2\/product_cat?post=43"},{"taxonomy":"product_tag","embeddable":true,"href":"https:\/\/www.tuvendes.com.ar\/demo\/wp-json\/wp\/v2\/product_tag?post=43"}],"curies":[{"name":"wp","href":"https:\/\/api.w.org\/{rel}","templated":true}]}}