{"id":436,"date":"2024-11-12T19:42:42","date_gmt":"2024-11-12T19:42:42","guid":{"rendered":"https:\/\/www.tuvendes.com.ar\/demo\/?post_type=product&#038;p=436"},"modified":"2025-08-27T12:07:33","modified_gmt":"2025-08-27T12:07:33","slug":"boligrafo-topaz-silver","status":"publish","type":"product","link":"https:\/\/www.tuvendes.com.ar\/demo\/producto\/boligrafo-topaz-silver\/","title":{"rendered":"Bol\u00edgrafo Topaz Silver"},"content":{"rendered":"<h3><strong>Bol\u00edgrafo Topaz Silver: Sofisticaci\u00f3n en Cada Detalle<\/strong><\/h3>\n<p>El <strong>Topaz Silver<\/strong> combina elegancia y funcionalidad en un dise\u00f1o que destaca por sus acabados en tono plateado. Con un cuerpo de aluminio y un peso ideal gracias a su n\u00facleo de plomada interna, este bol\u00edgrafo ofrece una experiencia de escritura s\u00f3lida y equilibrada.<\/p>\n<ul>\n<li><strong>Material<\/strong>: Cuerpo de aluminio que asegura durabilidad y resistencia.<\/li>\n<li><strong>Detalles Plateados<\/strong>: Clip y punta en tono plateado, que le dan un estilo sofisticado y moderno.<\/li>\n<li><strong>Peso y Balance<\/strong>: Su n\u00facleo de plomada interna aporta el peso perfecto para una escritura c\u00f3moda y controlada.<\/li>\n<li><strong>Tinta<\/strong>: Negra, de trazo suave y continuo.<\/li>\n<li><strong>Personalizaci\u00f3n<\/strong>: Puede ser personalizado con impresi\u00f3n UV, brindando un acabado de alta calidad para destacar tu marca o mensaje.<\/li>\n<\/ul>\n<p>Disponible en color GRIS y AZUL, el <strong>Topaz Silver<\/strong> es una elecci\u00f3n ideal para aquellos que buscan un bol\u00edgrafo premium con un toque de sofisticaci\u00f3n, perfecto para regalos empresariales o uso personal.<\/p>\n","protected":false},"excerpt":{"rendered":"<p>El <strong>Topaz Silver<\/strong> combina elegancia y funcionalidad en un dise\u00f1o que destaca por sus acabados en tono plateado. Con un cuerpo de aluminio y un peso ideal gracias a su n\u00facleo de plomada interna, este bol\u00edgrafo ofrece una experiencia de escritura s\u00f3lida y equilibrada.<\/p>\n<ul>\n<li><strong>Material<\/strong>: Cuerpo de aluminio que asegura durabilidad y resistencia.<\/li>\n<li><strong>Detalles Plateados<\/strong>: Clip y punta en tono plateado, que le dan un estilo sofisticado y moderno.<\/li>\n<li><strong>Peso y Balance<\/strong>: Su n\u00facleo de plomada interna aporta el peso perfecto para una escritura c\u00f3moda y controlada.<\/li>\n<li><strong>Tinta<\/strong>: Negra, de trazo suave y continuo.<\/li>\n<li><strong>Personalizaci\u00f3n<\/strong>: Puede ser personalizado con impresi\u00f3n UV, brindando un acabado de alta calidad para destacar tu marca o mensaje.<\/li>\n<\/ul>\n<p>Disponible en color GRIS y AZUL, el <strong>Topaz Silver<\/strong> es una elecci\u00f3n ideal para aquellos que buscan un bol\u00edgrafo premium con un toque de sofisticaci\u00f3n, perfecto para regalos empresariales o uso personal.<\/p>\n","protected":false},"featured_media":12151,"template":"","meta":[],"product_brand":[],"product_cat":[124],"product_tag":[],"class_list":{"0":"post-436","1":"product","2":"type-product","3":"status-publish","4":"has-post-thumbnail","6":"product_cat-elementi","7":"pa_custom-impresion-full-color","8":"pa_custom-sin-personalizacion","10":"first","11":"instock","12":"shipping-taxable","13":"purchasable","14":"product-type-variable"},"_links":{"self":[{"href":"https:\/\/www.tuvendes.com.ar\/demo\/wp-json\/wp\/v2\/product\/436","targetHints":{"allow":["GET"]}}],"collection":[{"href":"https:\/\/www.tuvendes.com.ar\/demo\/wp-json\/wp\/v2\/product"}],"about":[{"href":"https:\/\/www.tuvendes.com.ar\/demo\/wp-json\/wp\/v2\/types\/product"}],"wp:featuredmedia":[{"embeddable":true,"href":"https:\/\/www.tuvendes.com.ar\/demo\/wp-json\/wp\/v2\/media\/12151"}],"wp:attachment":[{"href":"https:\/\/www.tuvendes.com.ar\/demo\/wp-json\/wp\/v2\/media?parent=436"}],"wp:term":[{"taxonomy":"product_brand","embeddable":true,"href":"https:\/\/www.tuvendes.com.ar\/demo\/wp-json\/wp\/v2\/product_brand?post=436"},{"taxonomy":"product_cat","embeddable":true,"href":"https:\/\/www.tuvendes.com.ar\/demo\/wp-json\/wp\/v2\/product_cat?post=436"},{"taxonomy":"product_tag","embeddable":true,"href":"https:\/\/www.tuvendes.com.ar\/demo\/wp-json\/wp\/v2\/product_tag?post=436"}],"curies":[{"name":"wp","href":"https:\/\/api.w.org\/{rel}","templated":true}]}}