{"id":4469,"date":"2024-11-15T18:23:37","date_gmt":"2024-11-15T18:23:37","guid":{"rendered":"https:\/\/www.tuvendes.com.ar\/demo\/producto\/set-de-notas-eco-calculadora\/"},"modified":"2026-05-06T10:18:07","modified_gmt":"2026-05-06T10:18:07","slug":"set-de-notas-eco-calculadora","status":"publish","type":"product","link":"https:\/\/www.tuvendes.com.ar\/demo\/producto\/set-de-notas-eco-calculadora\/","title":{"rendered":"Set de Notas Eco Calculadora"},"content":{"rendered":"<p>Set ecol\u00f3gico. Con estuche de cart\u00f3n reciclado plegable. Calculadora Solar de dise\u00f1o ultra delgado. 1 Taco Post-it (8.5 x 5 cm). 6 Se\u00f1aladores Post-it de colores. <\/p>\n<p>Medidas: Cerrado 9 x 6 cm. &#8211; Abierto: 19.5 x 6 cm. <\/p>\n<p>Re use me<\/p>\n<p>Dimensiones<\/p>\n<p>Del producto:<br \/>\n 3&#215;11.3&#215;15 cm.<br \/>\n Peso unitario: 150 g.<br \/>\n Empaque individual: A granel.<\/p>\n<p>Del empaque:<br \/>\n 16x32x40 cm.<br \/>\n Peso unitario: 6000 g.<br \/>\n Unidades por caja: 40.<\/p>\n","protected":false},"excerpt":{"rendered":"<p>Set ecol\u00f3gico. Con estuche de cart\u00f3n reciclado plegable. Calculadora Solar de dise\u00f1o ultra delgado. 1 Taco Post-it (8.5 x 5<\/p>\n","protected":false},"featured_media":43360,"template":"","meta":[],"product_brand":[1896],"product_cat":[1754,1755,1756],"product_tag":[],"class_list":{"0":"post-4469","1":"product","2":"type-product","3":"status-publish","4":"has-post-thumbnail","6":"product_brand-re-use-me","7":"product_cat-escritorio","8":"product_cat-sustentables","9":"product_cat-tecnologia","10":"pa_variant-beige-kaki-madera","12":"first","13":"instock","14":"shipping-taxable","15":"purchasable","16":"product-type-variable"},"_links":{"self":[{"href":"https:\/\/www.tuvendes.com.ar\/demo\/wp-json\/wp\/v2\/product\/4469","targetHints":{"allow":["GET"]}}],"collection":[{"href":"https:\/\/www.tuvendes.com.ar\/demo\/wp-json\/wp\/v2\/product"}],"about":[{"href":"https:\/\/www.tuvendes.com.ar\/demo\/wp-json\/wp\/v2\/types\/product"}],"wp:featuredmedia":[{"embeddable":true,"href":"https:\/\/www.tuvendes.com.ar\/demo\/wp-json\/wp\/v2\/media\/43360"}],"wp:attachment":[{"href":"https:\/\/www.tuvendes.com.ar\/demo\/wp-json\/wp\/v2\/media?parent=4469"}],"wp:term":[{"taxonomy":"product_brand","embeddable":true,"href":"https:\/\/www.tuvendes.com.ar\/demo\/wp-json\/wp\/v2\/product_brand?post=4469"},{"taxonomy":"product_cat","embeddable":true,"href":"https:\/\/www.tuvendes.com.ar\/demo\/wp-json\/wp\/v2\/product_cat?post=4469"},{"taxonomy":"product_tag","embeddable":true,"href":"https:\/\/www.tuvendes.com.ar\/demo\/wp-json\/wp\/v2\/product_tag?post=4469"}],"curies":[{"name":"wp","href":"https:\/\/api.w.org\/{rel}","templated":true}]}}