{"id":46060,"date":"2026-02-09T13:46:19","date_gmt":"2026-02-09T13:46:19","guid":{"rendered":"https:\/\/www.tuvendes.com.ar\/demo\/producto\/set-midnight\/"},"modified":"2026-04-20T21:05:43","modified_gmt":"2026-04-20T21:05:43","slug":"set-midnight","status":"publish","type":"product","link":"https:\/\/www.tuvendes.com.ar\/demo\/producto\/set-midnight\/","title":{"rendered":"Set Midnight"},"content":{"rendered":"<p>Set de cuaderno y bol\u00edgrafo fabricado con materiales de alta calidad, presentado en una caja negra laminada mate. El cuaderno est\u00e1 compuesto por hojas rayadas A5, cinta se\u00f1aladora negra y tapa con dise\u00f1o frontal lineado, mientras que el bol\u00edgrafo es ballpen met\u00e1lico en color negro. Es ideal para uso profesional, reuniones de negocios, conferencias o como regalo institucional.<\/p>\n<p>The Daily Book<\/p>\n","protected":false},"excerpt":{"rendered":"<p>Set de cuaderno y bol\u00edgrafo fabricado con materiales de alta calidad, presentado en una caja negra laminada mate. El cuaderno<\/p>\n","protected":false},"featured_media":46061,"template":"","meta":[],"product_brand":[1903],"product_cat":[1760,1753,1754],"product_tag":[],"class_list":{"0":"post-46060","1":"product","2":"type-product","3":"status-publish","4":"has-post-thumbnail","6":"product_brand-the-daily-book","7":"product_cat-2026-novedades","8":"product_cat-cuadernos","9":"product_cat-escritorio","10":"pa_variant-negro-poliestileno","12":"first","13":"instock","14":"shipping-taxable","15":"purchasable","16":"product-type-variable"},"_links":{"self":[{"href":"https:\/\/www.tuvendes.com.ar\/demo\/wp-json\/wp\/v2\/product\/46060","targetHints":{"allow":["GET"]}}],"collection":[{"href":"https:\/\/www.tuvendes.com.ar\/demo\/wp-json\/wp\/v2\/product"}],"about":[{"href":"https:\/\/www.tuvendes.com.ar\/demo\/wp-json\/wp\/v2\/types\/product"}],"wp:featuredmedia":[{"embeddable":true,"href":"https:\/\/www.tuvendes.com.ar\/demo\/wp-json\/wp\/v2\/media\/46061"}],"wp:attachment":[{"href":"https:\/\/www.tuvendes.com.ar\/demo\/wp-json\/wp\/v2\/media?parent=46060"}],"wp:term":[{"taxonomy":"product_brand","embeddable":true,"href":"https:\/\/www.tuvendes.com.ar\/demo\/wp-json\/wp\/v2\/product_brand?post=46060"},{"taxonomy":"product_cat","embeddable":true,"href":"https:\/\/www.tuvendes.com.ar\/demo\/wp-json\/wp\/v2\/product_cat?post=46060"},{"taxonomy":"product_tag","embeddable":true,"href":"https:\/\/www.tuvendes.com.ar\/demo\/wp-json\/wp\/v2\/product_tag?post=46060"}],"curies":[{"name":"wp","href":"https:\/\/api.w.org\/{rel}","templated":true}]}}