{"id":46446,"date":"2026-04-01T15:30:22","date_gmt":"2026-04-01T15:30:22","guid":{"rendered":"https:\/\/www.tuvendes.com.ar\/demo\/producto\/bolsa-nature-plus-100-reciclada\/"},"modified":"2026-04-17T21:02:38","modified_gmt":"2026-04-17T21:02:38","slug":"bolsa-nature-plus-100-reciclada","status":"publish","type":"product","link":"https:\/\/www.tuvendes.com.ar\/demo\/producto\/bolsa-nature-plus-100-reciclada\/","title":{"rendered":"Bolsa Nature Plus 100% Reciclada"},"content":{"rendered":"<p>Bolsa confeccionada en algod\u00f3n reciclado (70%) y poli\u00e9ster reciclado rPET (30%), con un gramaje de 150 g\/m\u00b2. Incorpora asas largas de 65 cm que facilitan su uso c\u00f3modo en el d\u00eda a d\u00eda. El algod\u00f3n reciclado utilizado conserva su color s\u00f3lido natural, sin procesos de te\u00f1ido ni blanqueo, lo que contribuye a un menor impacto ambiental. Para obtener el color uniforme se selecciona hilo reciclado del mismo tono, pudiendo presentar peque\u00f1as variaciones e impurezas propias del material, lo que convierte a cada bolsa en un producto \u00fanico. Gramaje: 150 g\/m\u00b2<\/p>\n","protected":false},"excerpt":{"rendered":"<p>Bolsa confeccionada en algod\u00f3n reciclado (70%) y poli\u00e9ster reciclado rPET (30%), con un gramaje de 150 g\/m\u00b2. Incorpora asas largas<\/p>\n","protected":false},"featured_media":46447,"template":"","meta":[],"product_brand":[],"product_cat":[1826,1825],"product_tag":[],"class_list":{"0":"post-46446","1":"product","2":"type-product","3":"status-publish","4":"has-post-thumbnail","6":"product_cat-bolsas","7":"product_cat-mochilas-bolsos","9":"first","10":"instock","11":"shipping-taxable","12":"purchasable","13":"product-type-variable"},"_links":{"self":[{"href":"https:\/\/www.tuvendes.com.ar\/demo\/wp-json\/wp\/v2\/product\/46446","targetHints":{"allow":["GET"]}}],"collection":[{"href":"https:\/\/www.tuvendes.com.ar\/demo\/wp-json\/wp\/v2\/product"}],"about":[{"href":"https:\/\/www.tuvendes.com.ar\/demo\/wp-json\/wp\/v2\/types\/product"}],"wp:featuredmedia":[{"embeddable":true,"href":"https:\/\/www.tuvendes.com.ar\/demo\/wp-json\/wp\/v2\/media\/46447"}],"wp:attachment":[{"href":"https:\/\/www.tuvendes.com.ar\/demo\/wp-json\/wp\/v2\/media?parent=46446"}],"wp:term":[{"taxonomy":"product_brand","embeddable":true,"href":"https:\/\/www.tuvendes.com.ar\/demo\/wp-json\/wp\/v2\/product_brand?post=46446"},{"taxonomy":"product_cat","embeddable":true,"href":"https:\/\/www.tuvendes.com.ar\/demo\/wp-json\/wp\/v2\/product_cat?post=46446"},{"taxonomy":"product_tag","embeddable":true,"href":"https:\/\/www.tuvendes.com.ar\/demo\/wp-json\/wp\/v2\/product_tag?post=46446"}],"curies":[{"name":"wp","href":"https:\/\/api.w.org\/{rel}","templated":true}]}}