{"id":46474,"date":"2026-04-01T15:30:55","date_gmt":"2026-04-01T15:30:55","guid":{"rendered":"https:\/\/www.tuvendes.com.ar\/demo\/producto\/mug-termico-eco-bambu\/"},"modified":"2026-04-17T20:11:06","modified_gmt":"2026-04-17T20:11:06","slug":"mug-termico-eco-bambu","status":"publish","type":"product","link":"https:\/\/www.tuvendes.com.ar\/demo\/producto\/mug-termico-eco-bambu\/","title":{"rendered":"Mug T\u00e9rmico Eco Bamb\u00fa"},"content":{"rendered":"<p>Taza de acero inoxidable (90% reciclado) con tapa de bamb\u00fa natural y doble pared aislada al vac\u00edo, ideal para mantener la temperatura de tus bebidas por m\u00e1s tiempo. Su acabado con recubrimiento en polvo aporta mayor resistencia y durabilidad al uso diario. Se puede personalizar tanto el cuerpo de la taza como la tapa de bamb\u00fa<br \/>\nCon capacidad de hasta 420 mL, se entrega en una caja de regalo Kraft, lo que la convierte en una opci\u00f3n pr\u00e1ctica y sostenible para todo tipo de campa\u00f1as.<br \/>\nAl estar fabricada con materiales naturales, tanto el color como el resultado de la personalizaci\u00f3n pueden presentar variaciones, lo que aporta a cada unidad un car\u00e1cter \u00fanico.<\/p>\n","protected":false},"excerpt":{"rendered":"<p>Taza de acero inoxidable (90% reciclado) con tapa de bamb\u00fa natural y doble pared aislada al vac\u00edo, ideal para mantener<\/p>\n","protected":false},"featured_media":46475,"template":"","meta":[],"product_brand":[],"product_cat":[1752,1831],"product_tag":[],"class_list":{"0":"post-46474","1":"product","2":"type-product","3":"status-publish","4":"has-post-thumbnail","6":"product_cat-drinkware","7":"product_cat-vasos-termicos","9":"first","10":"instock","11":"shipping-taxable","12":"purchasable","13":"product-type-variable"},"_links":{"self":[{"href":"https:\/\/www.tuvendes.com.ar\/demo\/wp-json\/wp\/v2\/product\/46474","targetHints":{"allow":["GET"]}}],"collection":[{"href":"https:\/\/www.tuvendes.com.ar\/demo\/wp-json\/wp\/v2\/product"}],"about":[{"href":"https:\/\/www.tuvendes.com.ar\/demo\/wp-json\/wp\/v2\/types\/product"}],"wp:featuredmedia":[{"embeddable":true,"href":"https:\/\/www.tuvendes.com.ar\/demo\/wp-json\/wp\/v2\/media\/46475"}],"wp:attachment":[{"href":"https:\/\/www.tuvendes.com.ar\/demo\/wp-json\/wp\/v2\/media?parent=46474"}],"wp:term":[{"taxonomy":"product_brand","embeddable":true,"href":"https:\/\/www.tuvendes.com.ar\/demo\/wp-json\/wp\/v2\/product_brand?post=46474"},{"taxonomy":"product_cat","embeddable":true,"href":"https:\/\/www.tuvendes.com.ar\/demo\/wp-json\/wp\/v2\/product_cat?post=46474"},{"taxonomy":"product_tag","embeddable":true,"href":"https:\/\/www.tuvendes.com.ar\/demo\/wp-json\/wp\/v2\/product_tag?post=46474"}],"curies":[{"name":"wp","href":"https:\/\/api.w.org\/{rel}","templated":true}]}}