{"id":46476,"date":"2026-04-01T15:30:57","date_gmt":"2026-04-01T15:30:57","guid":{"rendered":"https:\/\/www.tuvendes.com.ar\/demo\/producto\/freidora-de-aire-dual-7-6l\/"},"modified":"2026-04-20T19:18:15","modified_gmt":"2026-04-20T19:18:15","slug":"freidora-de-aire-dual-7-6l","status":"publish","type":"product","link":"https:\/\/www.tuvendes.com.ar\/demo\/producto\/freidora-de-aire-dual-7-6l\/","title":{"rendered":"Freidora de Aire Dual 7.6L"},"content":{"rendered":"<p>Cocin\u00e1 dos alimentos al mismo tiempo con sus 2 canastas de 3.8 L cada una (7.6 L en total). Us\u00e1 cada zona de forma independiente o sincronizada, con bandejas extra\u00edbles de recubrimiento Oster\u00ae DiamondForce. Incluye panel digital con 6 funciones preprogramadas y dise\u00f1o compacto con detalles en acero inoxidable.<\/p>\n","protected":false},"excerpt":{"rendered":"<p>Cocin\u00e1 dos alimentos al mismo tiempo con sus 2 canastas de 3.8 L cada una (7.6 L en total). Us\u00e1<\/p>\n","protected":false},"featured_media":46477,"template":"","meta":[],"product_brand":[1883],"product_cat":[1749,1833],"product_tag":[],"class_list":{"0":"post-46476","1":"product","2":"type-product","3":"status-publish","4":"has-post-thumbnail","6":"product_brand-oster","7":"product_cat-cocina","8":"product_cat-hogar-tiempo-libre","10":"first","11":"instock","12":"shipping-taxable","13":"purchasable","14":"product-type-variable"},"_links":{"self":[{"href":"https:\/\/www.tuvendes.com.ar\/demo\/wp-json\/wp\/v2\/product\/46476","targetHints":{"allow":["GET"]}}],"collection":[{"href":"https:\/\/www.tuvendes.com.ar\/demo\/wp-json\/wp\/v2\/product"}],"about":[{"href":"https:\/\/www.tuvendes.com.ar\/demo\/wp-json\/wp\/v2\/types\/product"}],"wp:featuredmedia":[{"embeddable":true,"href":"https:\/\/www.tuvendes.com.ar\/demo\/wp-json\/wp\/v2\/media\/46477"}],"wp:attachment":[{"href":"https:\/\/www.tuvendes.com.ar\/demo\/wp-json\/wp\/v2\/media?parent=46476"}],"wp:term":[{"taxonomy":"product_brand","embeddable":true,"href":"https:\/\/www.tuvendes.com.ar\/demo\/wp-json\/wp\/v2\/product_brand?post=46476"},{"taxonomy":"product_cat","embeddable":true,"href":"https:\/\/www.tuvendes.com.ar\/demo\/wp-json\/wp\/v2\/product_cat?post=46476"},{"taxonomy":"product_tag","embeddable":true,"href":"https:\/\/www.tuvendes.com.ar\/demo\/wp-json\/wp\/v2\/product_tag?post=46476"}],"curies":[{"name":"wp","href":"https:\/\/api.w.org\/{rel}","templated":true}]}}