{"id":46480,"date":"2026-04-01T15:31:00","date_gmt":"2026-04-01T15:31:00","guid":{"rendered":"https:\/\/www.tuvendes.com.ar\/demo\/producto\/freidora-de-aire-4l-digital-oster\/"},"modified":"2026-04-20T19:25:53","modified_gmt":"2026-04-20T19:25:53","slug":"freidora-de-aire-4l-digital-oster","status":"publish","type":"product","link":"https:\/\/www.tuvendes.com.ar\/demo\/producto\/freidora-de-aire-4l-digital-oster\/","title":{"rendered":"Freidora de Aire 4L Digital Oster"},"content":{"rendered":"<p>La freidora de aire digital Oster\u00ae DiamondForce de 4 L permite preparar comidas deliciosas y m\u00e1s saludables, logrando texturas crujientes con hasta 99 % menos aceite. Cuenta con 10 programas autom\u00e1ticos que facilitan la cocci\u00f3n de papas fritas, alitas, carnes, vegetales, pescado, horneados, postres y m\u00e1s, con solo presionar un bot\u00f3n. Su ventana transparente con luz interior permite controlar la cocci\u00f3n sin abrir la cesta, manteniendo la temperatura constante. Adem\u00e1s, el recubrimiento DiamondForce la hace m\u00e1s resistente a rayaduras y mucho m\u00e1s f\u00e1cil de limpiar, ideal para el uso diario en la cocina.<\/p>\n","protected":false},"excerpt":{"rendered":"<p>La freidora de aire digital Oster\u00ae DiamondForce de 4 L permite preparar comidas deliciosas y m\u00e1s saludables, logrando texturas crujientes<\/p>\n","protected":false},"featured_media":46481,"template":"","meta":[],"product_brand":[1883],"product_cat":[1749,1833],"product_tag":[],"class_list":{"0":"post-46480","1":"product","2":"type-product","3":"status-publish","4":"has-post-thumbnail","6":"product_brand-oster","7":"product_cat-cocina","8":"product_cat-hogar-tiempo-libre","10":"first","11":"outofstock","12":"shipping-taxable","13":"purchasable","14":"product-type-variable"},"_links":{"self":[{"href":"https:\/\/www.tuvendes.com.ar\/demo\/wp-json\/wp\/v2\/product\/46480","targetHints":{"allow":["GET"]}}],"collection":[{"href":"https:\/\/www.tuvendes.com.ar\/demo\/wp-json\/wp\/v2\/product"}],"about":[{"href":"https:\/\/www.tuvendes.com.ar\/demo\/wp-json\/wp\/v2\/types\/product"}],"wp:featuredmedia":[{"embeddable":true,"href":"https:\/\/www.tuvendes.com.ar\/demo\/wp-json\/wp\/v2\/media\/46481"}],"wp:attachment":[{"href":"https:\/\/www.tuvendes.com.ar\/demo\/wp-json\/wp\/v2\/media?parent=46480"}],"wp:term":[{"taxonomy":"product_brand","embeddable":true,"href":"https:\/\/www.tuvendes.com.ar\/demo\/wp-json\/wp\/v2\/product_brand?post=46480"},{"taxonomy":"product_cat","embeddable":true,"href":"https:\/\/www.tuvendes.com.ar\/demo\/wp-json\/wp\/v2\/product_cat?post=46480"},{"taxonomy":"product_tag","embeddable":true,"href":"https:\/\/www.tuvendes.com.ar\/demo\/wp-json\/wp\/v2\/product_tag?post=46480"}],"curies":[{"name":"wp","href":"https:\/\/api.w.org\/{rel}","templated":true}]}}