{"id":46536,"date":"2026-04-01T15:31:59","date_gmt":"2026-04-01T15:31:59","guid":{"rendered":"https:\/\/www.tuvendes.com.ar\/demo\/producto\/kit-notes-pu-black\/"},"modified":"2026-04-20T21:05:54","modified_gmt":"2026-04-20T21:05:54","slug":"kit-notes-pu-black","status":"publish","type":"product","link":"https:\/\/www.tuvendes.com.ar\/demo\/producto\/kit-notes-pu-black\/","title":{"rendered":"Kit Notes PU Black"},"content":{"rendered":"<p>Cuaderno Notes PU Black con Stic pen de regalo.<br \/>\nCuaderno A5 de tapa dura en PU negro con 80 hojas rayadas, cinta marcap\u00e1ginas, porta lapicera, cierre el\u00e1stico a color y sobre interior en la contratapa. Incluye de regalo un bol\u00edgrafo Stic Pen con tinta negra, liviano, c\u00f3modo y de escritura suave.<\/p>\n","protected":false},"excerpt":{"rendered":"<p>Cuaderno Notes PU Black con Stic pen de regalo. Cuaderno A5 de tapa dura en PU negro con 80 hojas<\/p>\n","protected":false},"featured_media":46537,"template":"","meta":[],"product_brand":[],"product_cat":[1837],"product_tag":[],"class_list":{"0":"post-46536","1":"product","2":"type-product","3":"status-publish","4":"has-post-thumbnail","6":"product_cat-kits","7":"pa_custom-kit","9":"first","10":"instock","11":"shipping-taxable","12":"purchasable","13":"product-type-variable"},"_links":{"self":[{"href":"https:\/\/www.tuvendes.com.ar\/demo\/wp-json\/wp\/v2\/product\/46536","targetHints":{"allow":["GET"]}}],"collection":[{"href":"https:\/\/www.tuvendes.com.ar\/demo\/wp-json\/wp\/v2\/product"}],"about":[{"href":"https:\/\/www.tuvendes.com.ar\/demo\/wp-json\/wp\/v2\/types\/product"}],"wp:featuredmedia":[{"embeddable":true,"href":"https:\/\/www.tuvendes.com.ar\/demo\/wp-json\/wp\/v2\/media\/46537"}],"wp:attachment":[{"href":"https:\/\/www.tuvendes.com.ar\/demo\/wp-json\/wp\/v2\/media?parent=46536"}],"wp:term":[{"taxonomy":"product_brand","embeddable":true,"href":"https:\/\/www.tuvendes.com.ar\/demo\/wp-json\/wp\/v2\/product_brand?post=46536"},{"taxonomy":"product_cat","embeddable":true,"href":"https:\/\/www.tuvendes.com.ar\/demo\/wp-json\/wp\/v2\/product_cat?post=46536"},{"taxonomy":"product_tag","embeddable":true,"href":"https:\/\/www.tuvendes.com.ar\/demo\/wp-json\/wp\/v2\/product_tag?post=46536"}],"curies":[{"name":"wp","href":"https:\/\/api.w.org\/{rel}","templated":true}]}}