{"id":46538,"date":"2026-04-01T15:32:00","date_gmt":"2026-04-01T15:32:00","guid":{"rendered":"https:\/\/www.tuvendes.com.ar\/demo\/producto\/kit-notes-awards\/"},"modified":"2026-04-17T20:12:26","modified_gmt":"2026-04-17T20:12:26","slug":"kit-notes-awards","status":"publish","type":"product","link":"https:\/\/www.tuvendes.com.ar\/demo\/producto\/kit-notes-awards\/","title":{"rendered":"Kit Notes Awards"},"content":{"rendered":"<p>Cuaderno Notes Awards con Stic pen de regalo.<br \/>\nCuaderno A5 de tapa dura metalizada con 80 hojas lisas color marfil, separador de tela, cierre el\u00e1stico metalizado y bolsillo interior. Incluye de regalo un bol\u00edgrafo Stic Pen con tinta negra, liviano, c\u00f3modo y de escritura suave.<\/p>\n","protected":false},"excerpt":{"rendered":"<p>Cuaderno Notes Awards con Stic pen de regalo. Cuaderno A5 de tapa dura metalizada con 80 hojas lisas color marfil,<\/p>\n","protected":false},"featured_media":46539,"template":"","meta":[],"product_brand":[],"product_cat":[1837],"product_tag":[],"class_list":{"0":"post-46538","1":"product","2":"type-product","3":"status-publish","4":"has-post-thumbnail","6":"product_cat-kits","7":"pa_custom-kit","9":"first","10":"instock","11":"shipping-taxable","12":"purchasable","13":"product-type-variable"},"_links":{"self":[{"href":"https:\/\/www.tuvendes.com.ar\/demo\/wp-json\/wp\/v2\/product\/46538","targetHints":{"allow":["GET"]}}],"collection":[{"href":"https:\/\/www.tuvendes.com.ar\/demo\/wp-json\/wp\/v2\/product"}],"about":[{"href":"https:\/\/www.tuvendes.com.ar\/demo\/wp-json\/wp\/v2\/types\/product"}],"wp:featuredmedia":[{"embeddable":true,"href":"https:\/\/www.tuvendes.com.ar\/demo\/wp-json\/wp\/v2\/media\/46539"}],"wp:attachment":[{"href":"https:\/\/www.tuvendes.com.ar\/demo\/wp-json\/wp\/v2\/media?parent=46538"}],"wp:term":[{"taxonomy":"product_brand","embeddable":true,"href":"https:\/\/www.tuvendes.com.ar\/demo\/wp-json\/wp\/v2\/product_brand?post=46538"},{"taxonomy":"product_cat","embeddable":true,"href":"https:\/\/www.tuvendes.com.ar\/demo\/wp-json\/wp\/v2\/product_cat?post=46538"},{"taxonomy":"product_tag","embeddable":true,"href":"https:\/\/www.tuvendes.com.ar\/demo\/wp-json\/wp\/v2\/product_tag?post=46538"}],"curies":[{"name":"wp","href":"https:\/\/api.w.org\/{rel}","templated":true}]}}