{"id":46544,"date":"2026-04-01T15:32:05","date_gmt":"2026-04-01T15:32:05","guid":{"rendered":"https:\/\/www.tuvendes.com.ar\/demo\/producto\/kit-notes-stanford-rpet\/"},"modified":"2026-04-17T20:12:36","modified_gmt":"2026-04-17T20:12:36","slug":"kit-notes-stanford-rpet","status":"publish","type":"product","link":"https:\/\/www.tuvendes.com.ar\/demo\/producto\/kit-notes-stanford-rpet\/","title":{"rendered":"Kit Notes Stanford rPet"},"content":{"rendered":"<p>Cuaderno Stanford RPET con Stic pen de regalo.<br \/>\nCuaderno A5 de tapa dura en tejido RPET reciclado con 96 hojas rayadas, cinta marcap\u00e1ginas, cierre el\u00e1stico al tono y sobre interior en la contratapa. Incluye de regalo un bol\u00edgrafo Stic Pen con tinta negra, liviano, c\u00f3modo y de escritura suave.<\/p>\n","protected":false},"excerpt":{"rendered":"<p>Cuaderno Stanford RPET con Stic pen de regalo. Cuaderno A5 de tapa dura en tejido RPET reciclado con 96 hojas<\/p>\n","protected":false},"featured_media":46545,"template":"","meta":[],"product_brand":[],"product_cat":[1837],"product_tag":[],"class_list":{"0":"post-46544","1":"product","2":"type-product","3":"status-publish","4":"has-post-thumbnail","6":"product_cat-kits","7":"pa_custom-kit","9":"first","10":"instock","11":"shipping-taxable","12":"purchasable","13":"product-type-variable"},"_links":{"self":[{"href":"https:\/\/www.tuvendes.com.ar\/demo\/wp-json\/wp\/v2\/product\/46544","targetHints":{"allow":["GET"]}}],"collection":[{"href":"https:\/\/www.tuvendes.com.ar\/demo\/wp-json\/wp\/v2\/product"}],"about":[{"href":"https:\/\/www.tuvendes.com.ar\/demo\/wp-json\/wp\/v2\/types\/product"}],"wp:featuredmedia":[{"embeddable":true,"href":"https:\/\/www.tuvendes.com.ar\/demo\/wp-json\/wp\/v2\/media\/46545"}],"wp:attachment":[{"href":"https:\/\/www.tuvendes.com.ar\/demo\/wp-json\/wp\/v2\/media?parent=46544"}],"wp:term":[{"taxonomy":"product_brand","embeddable":true,"href":"https:\/\/www.tuvendes.com.ar\/demo\/wp-json\/wp\/v2\/product_brand?post=46544"},{"taxonomy":"product_cat","embeddable":true,"href":"https:\/\/www.tuvendes.com.ar\/demo\/wp-json\/wp\/v2\/product_cat?post=46544"},{"taxonomy":"product_tag","embeddable":true,"href":"https:\/\/www.tuvendes.com.ar\/demo\/wp-json\/wp\/v2\/product_tag?post=46544"}],"curies":[{"name":"wp","href":"https:\/\/api.w.org\/{rel}","templated":true}]}}