{"id":46561,"date":"2026-04-01T15:32:21","date_gmt":"2026-04-01T15:32:21","guid":{"rendered":"https:\/\/www.tuvendes.com.ar\/demo\/producto\/marcadores-delgados-paper-mate-x-12\/"},"modified":"2026-04-20T19:14:23","modified_gmt":"2026-04-20T19:14:23","slug":"marcadores-delgados-paper-mate-x-12","status":"publish","type":"product","link":"https:\/\/www.tuvendes.com.ar\/demo\/producto\/marcadores-delgados-paper-mate-x-12\/","title":{"rendered":"Marcadores Delgados Paper Mate x 12"},"content":{"rendered":"<p>Con colores s\u00faper brillantes ideales para tareas, manualidades y actividades creativas. Su punta fina unipunta permite trazos precisos y definidos. Son lavables, no t\u00f3xicos y aptos para uso infantil, escolar y cotidiano. Una opci\u00f3n pr\u00e1ctica y segura para sumar color a cualquier proyecto.<\/p>\n","protected":false},"excerpt":{"rendered":"<p>Con colores s\u00faper brillantes ideales para tareas, manualidades y actividades creativas. Su punta fina unipunta permite trazos precisos y definidos.<\/p>\n","protected":false},"featured_media":46562,"template":"","meta":[],"product_brand":[1882],"product_cat":[1829],"product_tag":[],"class_list":{"0":"post-46561","1":"product","2":"type-product","3":"status-publish","4":"has-post-thumbnail","6":"product_brand-paper-mate","7":"product_cat-escolares","9":"first","10":"instock","11":"shipping-taxable","12":"purchasable","13":"product-type-variable"},"_links":{"self":[{"href":"https:\/\/www.tuvendes.com.ar\/demo\/wp-json\/wp\/v2\/product\/46561","targetHints":{"allow":["GET"]}}],"collection":[{"href":"https:\/\/www.tuvendes.com.ar\/demo\/wp-json\/wp\/v2\/product"}],"about":[{"href":"https:\/\/www.tuvendes.com.ar\/demo\/wp-json\/wp\/v2\/types\/product"}],"wp:featuredmedia":[{"embeddable":true,"href":"https:\/\/www.tuvendes.com.ar\/demo\/wp-json\/wp\/v2\/media\/46562"}],"wp:attachment":[{"href":"https:\/\/www.tuvendes.com.ar\/demo\/wp-json\/wp\/v2\/media?parent=46561"}],"wp:term":[{"taxonomy":"product_brand","embeddable":true,"href":"https:\/\/www.tuvendes.com.ar\/demo\/wp-json\/wp\/v2\/product_brand?post=46561"},{"taxonomy":"product_cat","embeddable":true,"href":"https:\/\/www.tuvendes.com.ar\/demo\/wp-json\/wp\/v2\/product_cat?post=46561"},{"taxonomy":"product_tag","embeddable":true,"href":"https:\/\/www.tuvendes.com.ar\/demo\/wp-json\/wp\/v2\/product_tag?post=46561"}],"curies":[{"name":"wp","href":"https:\/\/api.w.org\/{rel}","templated":true}]}}