{"id":47415,"date":"2026-04-09T22:00:41","date_gmt":"2026-04-09T22:00:41","guid":{"rendered":"https:\/\/www.tuvendes.com.ar\/demo\/producto\/botella-bravik-termica-500ml\/"},"modified":"2026-04-09T22:00:55","modified_gmt":"2026-04-09T22:00:55","slug":"botella-bravik-termica-500ml","status":"publish","type":"product","link":"https:\/\/www.tuvendes.com.ar\/demo\/producto\/botella-bravik-termica-500ml\/","title":{"rendered":"Botella Bravik t\u00e9rmica 500ml"},"content":{"rendered":"<p>Botella t\u00e9rmica de dise\u00f1o elegante y funcional, ideal para acompa\u00f1arte tanto en el d\u00eda a d\u00eda como en actividades al aire libre.<\/p>\n<p>Est\u00e1 fabricada con <strong data-start=\"378\" data-end=\"413\">acero inoxidable de doble pared<\/strong>, lo que le permite <strong data-start=\"433\" data-end=\"480\">mantener tus bebidas fr\u00edas por muchas horas<\/strong> y conservar el calor cuando lo necesites.<\/p>\n<p>Su tapa est\u00e1 hecha de bamb\u00fa, aportando un toque natural y moderno al conjunto.<\/p>\n<p>Esta botella de <strong data-start=\"618\" data-end=\"657\">\u00a0500 ml de capacidad<\/strong> es libre de BPA y aprobada por INAL, lo que la hace perfecta para uso diario, en la oficina o para tus salidas deportivas.<\/p>\n<p>Capacidad: 500ml<br \/>\nMedidas: 27x7cm<br \/>\nPeso: 230gr<br \/>\nPresentacion: Caja unitaria blanca<\/p>\n","protected":false},"excerpt":{"rendered":"<div>\n<p data-start=\"198\" data-end=\"801\"><strong data-start=\"227\" data-end=\"277\">Botella t\u00e9rmica de dise\u00f1o elegante y funcional<\/strong>, ideal para acompa\u00f1arte tanto en el d\u00eda a d\u00eda como en actividades al aire libre.\u00a0 Esta botella de <strong data-start=\"618\" data-end=\"657\">\u00a0500 ml de capacidad<\/strong> es libre de BPA y aprobada por INAL, lo que la hace perfecta para uso diario, en la oficina o para tus salidas deportivas.<\/p>\n<\/div>\n","protected":false},"featured_media":47416,"template":"","meta":[],"product_brand":[],"product_cat":[1537],"product_tag":[],"class_list":{"0":"post-47415","1":"product","2":"type-product","3":"status-publish","4":"has-post-thumbnail","6":"product_cat-novedades","8":"first","9":"instock","10":"shipping-taxable","11":"product-type-variable"},"_links":{"self":[{"href":"https:\/\/www.tuvendes.com.ar\/demo\/wp-json\/wp\/v2\/product\/47415","targetHints":{"allow":["GET"]}}],"collection":[{"href":"https:\/\/www.tuvendes.com.ar\/demo\/wp-json\/wp\/v2\/product"}],"about":[{"href":"https:\/\/www.tuvendes.com.ar\/demo\/wp-json\/wp\/v2\/types\/product"}],"wp:featuredmedia":[{"embeddable":true,"href":"https:\/\/www.tuvendes.com.ar\/demo\/wp-json\/wp\/v2\/media\/47416"}],"wp:attachment":[{"href":"https:\/\/www.tuvendes.com.ar\/demo\/wp-json\/wp\/v2\/media?parent=47415"}],"wp:term":[{"taxonomy":"product_brand","embeddable":true,"href":"https:\/\/www.tuvendes.com.ar\/demo\/wp-json\/wp\/v2\/product_brand?post=47415"},{"taxonomy":"product_cat","embeddable":true,"href":"https:\/\/www.tuvendes.com.ar\/demo\/wp-json\/wp\/v2\/product_cat?post=47415"},{"taxonomy":"product_tag","embeddable":true,"href":"https:\/\/www.tuvendes.com.ar\/demo\/wp-json\/wp\/v2\/product_tag?post=47415"}],"curies":[{"name":"wp","href":"https:\/\/api.w.org\/{rel}","templated":true}]}}