{"id":48872,"date":"2026-04-17T17:00:21","date_gmt":"2026-04-17T17:00:21","guid":{"rendered":"https:\/\/www.tuvendes.com.ar\/demo\/producto\/cuaderno-aristo-2\/"},"modified":"2026-04-17T17:00:21","modified_gmt":"2026-04-17T17:00:21","slug":"cuaderno-aristo-2","status":"publish","type":"product","link":"https:\/\/www.tuvendes.com.ar\/demo\/producto\/cuaderno-aristo-2\/","title":{"rendered":"Cuaderno Aristo"},"content":{"rendered":"<table class=\"t1\" style=\"height: 559px\" width=\"533\" cellspacing=\"0\" cellpadding=\"0\">\n<tbody>\n<tr>\n<td class=\"td1\" valign=\"top\">\n<p class=\"p1\">Tapa:<\/p>\n<\/td>\n<td class=\"td1\" valign=\"top\">\n<p class=\"p1\">Tela vin\u00edlica<\/p>\n<\/td>\n<\/tr>\n<tr>\n<td class=\"td1\" valign=\"top\">\n<p class=\"p1\">Color:<\/p>\n<\/td>\n<td class=\"td1\" valign=\"top\">\n<p class=\"p1\">Negro<\/p>\n<\/td>\n<\/tr>\n<tr>\n<td class=\"td1\" valign=\"top\">\n<p class=\"p1\">Tama\u00f1o de la hoja:<\/p>\n<\/td>\n<td class=\"td1\" valign=\"top\">\n<p class=\"p1\">17 x 22 cm<\/p>\n<\/td>\n<\/tr>\n<tr>\n<td class=\"td1\" valign=\"top\">\n<p class=\"p1\">Interior:<\/p>\n<\/td>\n<td class=\"td1\" valign=\"top\">\n<p class=\"p1\">Cuaderno hoja rayado o lisa<\/p>\n<\/td>\n<\/tr>\n<tr>\n<td class=\"td1\" valign=\"top\">\n<p class=\"p1\">Encuadernaci\u00f3n:<\/p>\n<\/td>\n<td class=\"td1\" valign=\"top\">\n<p class=\"p1\">Anillada<\/p>\n<\/td>\n<\/tr>\n<tr>\n<td class=\"td1\" valign=\"top\">\n<p class=\"p1\">Hojas:<\/p>\n<\/td>\n<td class=\"td1\" valign=\"top\">\n<p class=\"p1\">72<\/p>\n<\/td>\n<\/tr>\n<tr>\n<td class=\"td1\" valign=\"top\">\n<p class=\"p1\">Papel:<\/p>\n<\/td>\n<td class=\"td1\" valign=\"top\">\n<p class=\"p1\">80 grs.<\/p>\n<\/td>\n<\/tr>\n<tr>\n<td class=\"td1\" valign=\"top\">\n<p class=\"p1\">Caracter\u00edsticas:<\/p>\n<\/td>\n<td class=\"td1\" valign=\"top\">\n<p class=\"p1\">Bolsillo interior<\/p>\n<\/td>\n<\/tr>\n<tr>\n<td class=\"td1\" valign=\"top\"><\/td>\n<td class=\"td1\" valign=\"top\">\n<p class=\"p1\">\n<\/td>\n<\/tr>\n<tr>\n<td class=\"td1\" valign=\"top\"><\/td>\n<td class=\"td1\" valign=\"top\">\n<p class=\"p1\">\n<\/td>\n<\/tr>\n<\/tbody>\n<\/table>\n","protected":false},"excerpt":{"rendered":"<p>Tapa: Tela vin\u00edlica Color: Negro Tama\u00f1o de la hoja: 17 x 22 cm Interior: Cuaderno hoja rayado o lisa Encuadernaci\u00f3n:<\/p>\n","protected":false},"featured_media":47588,"template":"","meta":[],"product_brand":[],"product_cat":[1926],"product_tag":[],"class_list":{"0":"post-48872","1":"product","2":"type-product","3":"status-publish","4":"has-post-thumbnail","6":"product_cat-cuadernos-y-carpetas","8":"first","9":"instock","10":"shipping-taxable","11":"purchasable","12":"product-type-simple"},"_links":{"self":[{"href":"https:\/\/www.tuvendes.com.ar\/demo\/wp-json\/wp\/v2\/product\/48872","targetHints":{"allow":["GET"]}}],"collection":[{"href":"https:\/\/www.tuvendes.com.ar\/demo\/wp-json\/wp\/v2\/product"}],"about":[{"href":"https:\/\/www.tuvendes.com.ar\/demo\/wp-json\/wp\/v2\/types\/product"}],"wp:featuredmedia":[{"embeddable":true,"href":"https:\/\/www.tuvendes.com.ar\/demo\/wp-json\/wp\/v2\/media\/47588"}],"wp:attachment":[{"href":"https:\/\/www.tuvendes.com.ar\/demo\/wp-json\/wp\/v2\/media?parent=48872"}],"wp:term":[{"taxonomy":"product_brand","embeddable":true,"href":"https:\/\/www.tuvendes.com.ar\/demo\/wp-json\/wp\/v2\/product_brand?post=48872"},{"taxonomy":"product_cat","embeddable":true,"href":"https:\/\/www.tuvendes.com.ar\/demo\/wp-json\/wp\/v2\/product_cat?post=48872"},{"taxonomy":"product_tag","embeddable":true,"href":"https:\/\/www.tuvendes.com.ar\/demo\/wp-json\/wp\/v2\/product_tag?post=48872"}],"curies":[{"name":"wp","href":"https:\/\/api.w.org\/{rel}","templated":true}]}}