{"id":48886,"date":"2026-04-17T17:00:29","date_gmt":"2026-04-17T17:00:29","guid":{"rendered":"https:\/\/www.tuvendes.com.ar\/demo\/producto\/libreta-anotador-anillado-2\/"},"modified":"2026-04-17T17:00:29","modified_gmt":"2026-04-17T17:00:29","slug":"libreta-anotador-anillado-2","status":"publish","type":"product","link":"https:\/\/www.tuvendes.com.ar\/demo\/producto\/libreta-anotador-anillado-2\/","title":{"rendered":"Libreta Anotador Anillado"},"content":{"rendered":"<table class=\"t1\" style=\"height: 373px\" width=\"524\" cellspacing=\"0\" cellpadding=\"0\">\n<tbody>\n<tr>\n<td class=\"td1\" valign=\"top\">\n<p class=\"p1\">Tapa:<\/p>\n<\/td>\n<td class=\"td1\" valign=\"top\">\n<p class=\"p1\">Cart\u00f3n (1,5 mm)<\/p>\n<\/td>\n<\/tr>\n<tr>\n<td class=\"td1\" valign=\"top\">\n<p class=\"p1\">Color:<\/p>\n<\/td>\n<td class=\"td1\" valign=\"top\">\n<p class=\"p1\">Negro<\/p>\n<\/td>\n<\/tr>\n<tr>\n<td class=\"td1\" valign=\"top\">\n<p class=\"p1\">Tama\u00f1o de la hoja:<\/p>\n<\/td>\n<td class=\"td1\" valign=\"top\">\n<p class=\"p1\">18,5 x 13 cm.<\/p>\n<\/td>\n<\/tr>\n<tr>\n<td class=\"td1\" valign=\"top\">\n<p class=\"p1\">Interior:<\/p>\n<\/td>\n<td class=\"td1\" valign=\"top\">\n<p class=\"p1\">Hoja lisa<\/p>\n<\/td>\n<\/tr>\n<tr>\n<td class=\"td1\" valign=\"top\">\n<p class=\"p1\">Encuadernaci\u00f3n:<\/p>\n<\/td>\n<td class=\"td1\" valign=\"top\">\n<p class=\"p1\">Anillado doble<\/p>\n<\/td>\n<\/tr>\n<tr>\n<td class=\"td1\" valign=\"top\">\n<p class=\"p1\">Hojas:<\/p>\n<\/td>\n<td class=\"td1\" valign=\"top\">\n<p class=\"p1\">80<\/p>\n<\/td>\n<\/tr>\n<tr>\n<td class=\"td1\" valign=\"top\">\n<p class=\"p1\">Papel:<\/p>\n<\/td>\n<td class=\"td1\" valign=\"top\">\n<p class=\"p1\">90 grs. (Gloss)<\/p>\n<\/td>\n<\/tr>\n<\/tbody>\n<\/table>\n","protected":false},"excerpt":{"rendered":"<p>Tapa: Cart\u00f3n (1,5 mm) Color: Negro Tama\u00f1o de la hoja: 18,5 x 13 cm. Interior: Hoja lisa Encuadernaci\u00f3n: Anillado doble<\/p>\n","protected":false},"featured_media":47649,"template":"","meta":[],"product_brand":[],"product_cat":[1926],"product_tag":[],"class_list":{"0":"post-48886","1":"product","2":"type-product","3":"status-publish","4":"has-post-thumbnail","6":"product_cat-cuadernos-y-carpetas","8":"first","9":"instock","10":"shipping-taxable","11":"purchasable","12":"product-type-simple"},"_links":{"self":[{"href":"https:\/\/www.tuvendes.com.ar\/demo\/wp-json\/wp\/v2\/product\/48886","targetHints":{"allow":["GET"]}}],"collection":[{"href":"https:\/\/www.tuvendes.com.ar\/demo\/wp-json\/wp\/v2\/product"}],"about":[{"href":"https:\/\/www.tuvendes.com.ar\/demo\/wp-json\/wp\/v2\/types\/product"}],"wp:featuredmedia":[{"embeddable":true,"href":"https:\/\/www.tuvendes.com.ar\/demo\/wp-json\/wp\/v2\/media\/47649"}],"wp:attachment":[{"href":"https:\/\/www.tuvendes.com.ar\/demo\/wp-json\/wp\/v2\/media?parent=48886"}],"wp:term":[{"taxonomy":"product_brand","embeddable":true,"href":"https:\/\/www.tuvendes.com.ar\/demo\/wp-json\/wp\/v2\/product_brand?post=48886"},{"taxonomy":"product_cat","embeddable":true,"href":"https:\/\/www.tuvendes.com.ar\/demo\/wp-json\/wp\/v2\/product_cat?post=48886"},{"taxonomy":"product_tag","embeddable":true,"href":"https:\/\/www.tuvendes.com.ar\/demo\/wp-json\/wp\/v2\/product_tag?post=48886"}],"curies":[{"name":"wp","href":"https:\/\/api.w.org\/{rel}","templated":true}]}}