{"id":48901,"date":"2026-04-17T18:14:45","date_gmt":"2026-04-17T18:14:45","guid":{"rendered":"https:\/\/www.tuvendes.com.ar\/demo\/producto\/calendario-2023-carpita-carton-2\/"},"modified":"2026-04-17T18:14:52","modified_gmt":"2026-04-17T18:14:52","slug":"calendario-2023-carpita-carton-2","status":"publish","type":"product","link":"https:\/\/www.tuvendes.com.ar\/demo\/producto\/calendario-2023-carpita-carton-2\/","title":{"rendered":"Calendario 2023 Carpita Cart\u00f3n"},"content":{"rendered":"<table dir=\"ltr\" style=\"height: 478px\" width=\"622\" cellspacing=\"0\" cellpadding=\"0\">\n<colgroup>\n<col width=\"269\" \/>\n<col width=\"277\" \/><\/colgroup>\n<tbody>\n<tr>\n<td data-sheets-value=\"{&quot;1&quot;:2,&quot;2&quot;:&quot;Tama\u00f1o de la l\u00e1mina:&quot;}\">Tama\u00f1o de la l\u00e1mina:<\/td>\n<td data-sheets-value=\"{&quot;1&quot;:2,&quot;2&quot;:&quot;17,5 x 8,5 cm&quot;}\">17,5 x 8,5 cm<\/td>\n<\/tr>\n<tr>\n<td data-sheets-value=\"{&quot;1&quot;:2,&quot;2&quot;:&quot;Tipo base:&quot;}\">Tipo base:<\/td>\n<td data-sheets-value=\"{&quot;1&quot;:2,&quot;2&quot;:&quot;Cart\u00f3n&quot;}\">Cart\u00f3n<\/td>\n<\/tr>\n<tr>\n<td data-sheets-value=\"{&quot;1&quot;:2,&quot;2&quot;:&quot;L\u00e1minas:&quot;}\">L\u00e1minas:<\/td>\n<td data-sheets-value=\"{&quot;1&quot;:3,&quot;3&quot;:12}\">12<\/td>\n<\/tr>\n<tr>\n<td data-sheets-value=\"{&quot;1&quot;:2,&quot;2&quot;:&quot;Papel:&quot;}\">Papel:<\/td>\n<td data-sheets-value=\"{&quot;1&quot;:2,&quot;2&quot;:&quot;200 grs.&quot;}\">200 grs.<\/td>\n<\/tr>\n<tr>\n<td data-sheets-value=\"{&quot;1&quot;:2,&quot;2&quot;:&quot;Motivo: &quot;}\">Motivo:<\/td>\n<td data-sheets-value=\"{&quot;1&quot;:2,&quot;2&quot;:&quot;Paisaje o Pintura Naif (Mar\u00eda Teresa Bobbio)&quot;}\">Paisaje o Pintura Naif <a href=\"https:\/\/www.instagram.com\/tetebobbio\/\">(Mar\u00eda Teresa Bobbio)<\/a><\/td>\n<\/tr>\n<tr>\n<td data-sheets-value=\"{&quot;1&quot;:2,&quot;2&quot;:&quot;Caracter\u00edsticas:&quot;}\">Caracter\u00edsticas:<\/td>\n<td data-sheets-value=\"{&quot;1&quot;:2,&quot;2&quot;:&quot;Full color&quot;}\">Full color<\/td>\n<\/tr>\n<tr>\n<td><\/td>\n<td data-sheets-value=\"{&quot;1&quot;:2,&quot;2&quot;:&quot;Papel ilustraci\u00f3n&quot;}\">Papel ilustraci\u00f3n<\/td>\n<\/tr>\n<tr>\n<td><\/td>\n<td data-sheets-value=\"{&quot;1&quot;:2,&quot;2&quot;:&quot;Recordatorio al dorso \/ Cuadr\u00edcula&quot;}\">Recordatorio al dorso \/ Cuadr\u00edcula<\/td>\n<\/tr>\n<\/tbody>\n<\/table>\n","protected":false},"excerpt":{"rendered":"<p>Tama\u00f1o de la l\u00e1mina: 17,5 x 8,5 cm Tipo base: Cart\u00f3n L\u00e1minas: 12 Papel: 200 grs. Motivo: Paisaje o Pintura<\/p>\n","protected":false},"featured_media":48902,"template":"","meta":[],"product_brand":[],"product_cat":[1928],"product_tag":[],"class_list":{"0":"post-48901","1":"product","2":"type-product","3":"status-publish","4":"has-post-thumbnail","6":"product_cat-other","8":"first","9":"instock","10":"shipping-taxable","11":"purchasable","12":"product-type-simple"},"_links":{"self":[{"href":"https:\/\/www.tuvendes.com.ar\/demo\/wp-json\/wp\/v2\/product\/48901","targetHints":{"allow":["GET"]}}],"collection":[{"href":"https:\/\/www.tuvendes.com.ar\/demo\/wp-json\/wp\/v2\/product"}],"about":[{"href":"https:\/\/www.tuvendes.com.ar\/demo\/wp-json\/wp\/v2\/types\/product"}],"wp:featuredmedia":[{"embeddable":true,"href":"https:\/\/www.tuvendes.com.ar\/demo\/wp-json\/wp\/v2\/media\/48902"}],"wp:attachment":[{"href":"https:\/\/www.tuvendes.com.ar\/demo\/wp-json\/wp\/v2\/media?parent=48901"}],"wp:term":[{"taxonomy":"product_brand","embeddable":true,"href":"https:\/\/www.tuvendes.com.ar\/demo\/wp-json\/wp\/v2\/product_brand?post=48901"},{"taxonomy":"product_cat","embeddable":true,"href":"https:\/\/www.tuvendes.com.ar\/demo\/wp-json\/wp\/v2\/product_cat?post=48901"},{"taxonomy":"product_tag","embeddable":true,"href":"https:\/\/www.tuvendes.com.ar\/demo\/wp-json\/wp\/v2\/product_tag?post=48901"}],"curies":[{"name":"wp","href":"https:\/\/api.w.org\/{rel}","templated":true}]}}