{"id":48975,"date":"2026-04-22T12:01:05","date_gmt":"2026-04-22T12:01:05","guid":{"rendered":"https:\/\/www.tuvendes.com.ar\/demo\/producto\/camiseta-mundial-2026-s-imp\/"},"modified":"2026-04-30T23:08:44","modified_gmt":"2026-04-30T23:08:44","slug":"camiseta-mundial-2026-s-imp","status":"publish","type":"product","link":"https:\/\/www.tuvendes.com.ar\/demo\/producto\/camiseta-mundial-2026-s-imp\/","title":{"rendered":"CAMISETA MUNDIAL 2026 S\/Imp."},"content":{"rendered":"<p>Material: Tela Polysoft. Tama\u00f1o: S &#8211; M &#8211; L &#8211; XL &#8211; XXL. \u00c1rea de impresi\u00f3n: Pecho (izq. y der.): 80 x 70 mm &#8211; Espalda: 190 x 100 mm<\/p>\n","protected":false},"excerpt":{"rendered":"<p>Material: Tela Polysoft. Tama\u00f1o: S &#8211; M &#8211; L &#8211; XL &#8211; XXL. \u00c1rea de impresi\u00f3n: Pecho (izq. y der.):<\/p>\n","protected":false},"featured_media":48976,"template":"","meta":[],"product_brand":[],"product_cat":[1444],"product_tag":[],"class_list":{"0":"post-48975","1":"product","2":"type-product","3":"status-publish","4":"has-post-thumbnail","6":"product_cat-mremeras","7":"pa_material-tela-polysoft","9":"first","10":"outofstock","11":"shipping-taxable","12":"purchasable","13":"product-type-variable"},"_links":{"self":[{"href":"https:\/\/www.tuvendes.com.ar\/demo\/wp-json\/wp\/v2\/product\/48975","targetHints":{"allow":["GET"]}}],"collection":[{"href":"https:\/\/www.tuvendes.com.ar\/demo\/wp-json\/wp\/v2\/product"}],"about":[{"href":"https:\/\/www.tuvendes.com.ar\/demo\/wp-json\/wp\/v2\/types\/product"}],"wp:featuredmedia":[{"embeddable":true,"href":"https:\/\/www.tuvendes.com.ar\/demo\/wp-json\/wp\/v2\/media\/48976"}],"wp:attachment":[{"href":"https:\/\/www.tuvendes.com.ar\/demo\/wp-json\/wp\/v2\/media?parent=48975"}],"wp:term":[{"taxonomy":"product_brand","embeddable":true,"href":"https:\/\/www.tuvendes.com.ar\/demo\/wp-json\/wp\/v2\/product_brand?post=48975"},{"taxonomy":"product_cat","embeddable":true,"href":"https:\/\/www.tuvendes.com.ar\/demo\/wp-json\/wp\/v2\/product_cat?post=48975"},{"taxonomy":"product_tag","embeddable":true,"href":"https:\/\/www.tuvendes.com.ar\/demo\/wp-json\/wp\/v2\/product_tag?post=48975"}],"curies":[{"name":"wp","href":"https:\/\/api.w.org\/{rel}","templated":true}]}}