{"id":49020,"date":"2026-04-27T16:34:26","date_gmt":"2026-04-27T16:34:26","guid":{"rendered":"https:\/\/www.tuvendes.com.ar\/demo\/producto\/name-tag-inox-chico\/"},"modified":"2026-05-01T10:12:25","modified_gmt":"2026-05-01T10:12:25","slug":"name-tag-inox-chico","status":"publish","type":"product","link":"https:\/\/www.tuvendes.com.ar\/demo\/producto\/name-tag-inox-chico\/","title":{"rendered":"Name tag  Inox Chico"},"content":{"rendered":"<p>Name tag fabricado en acero inoxidable 201 combinado con im\u00e1n y ABS. Cuenta con sistema magn\u00e9tico de sujeci\u00f3n. Es ideal para identificaci\u00f3n profesional en empresas, hoteles y eventos corporativos<\/p>\n<p>Instrucciones de personalizaci\u00f3n:<br \/>\nIngres\u00e1 en \u201cDescarg\u00e1 material\u201d y acced\u00e9 a la carpeta del producto. All\u00ed vas a encontrar la \u201cPlantilla de personalizaci\u00f3n\u201d. Complet\u00e1 el Excel con los datos que quieras incluir en cada credencial y adjunta el archivo al momento de finalizar la compra.<\/p>\n<p>TAHG<\/p>\n<p>Dimensiones<\/p>\n<p>Del producto:<br \/>\n 7.5&#215;0.1&#215;2.5 cm.<br \/>\n Peso unitario: 20 g.<br \/>\n Empaque individual: Bolsa.<\/p>\n<p>Del empaque:<br \/>\n 15x20x45 cm.<br \/>\n Peso unitario: 8000 g.<br \/>\n Unidades por caja: 400.<\/p>\n","protected":false},"excerpt":{"rendered":"<p>Name tag fabricado en acero inoxidable 201 combinado con im\u00e1n y ABS. Cuenta con sistema magn\u00e9tico de sujeci\u00f3n. Es ideal<\/p>\n","protected":false},"featured_media":49021,"template":"","meta":[],"product_brand":[1891],"product_cat":[1760,1754],"product_tag":[],"class_list":{"0":"post-49020","1":"product","2":"type-product","3":"status-publish","4":"has-post-thumbnail","6":"product_brand-tahg","7":"product_cat-2026-novedades","8":"product_cat-escritorio","9":"pa_variant-plateado-a-inox-hier","11":"first","12":"instock","13":"shipping-taxable","14":"purchasable","15":"product-type-variable"},"_links":{"self":[{"href":"https:\/\/www.tuvendes.com.ar\/demo\/wp-json\/wp\/v2\/product\/49020","targetHints":{"allow":["GET"]}}],"collection":[{"href":"https:\/\/www.tuvendes.com.ar\/demo\/wp-json\/wp\/v2\/product"}],"about":[{"href":"https:\/\/www.tuvendes.com.ar\/demo\/wp-json\/wp\/v2\/types\/product"}],"wp:featuredmedia":[{"embeddable":true,"href":"https:\/\/www.tuvendes.com.ar\/demo\/wp-json\/wp\/v2\/media\/49021"}],"wp:attachment":[{"href":"https:\/\/www.tuvendes.com.ar\/demo\/wp-json\/wp\/v2\/media?parent=49020"}],"wp:term":[{"taxonomy":"product_brand","embeddable":true,"href":"https:\/\/www.tuvendes.com.ar\/demo\/wp-json\/wp\/v2\/product_brand?post=49020"},{"taxonomy":"product_cat","embeddable":true,"href":"https:\/\/www.tuvendes.com.ar\/demo\/wp-json\/wp\/v2\/product_cat?post=49020"},{"taxonomy":"product_tag","embeddable":true,"href":"https:\/\/www.tuvendes.com.ar\/demo\/wp-json\/wp\/v2\/product_tag?post=49020"}],"curies":[{"name":"wp","href":"https:\/\/api.w.org\/{rel}","templated":true}]}}