{"id":49026,"date":"2026-04-27T16:34:33","date_gmt":"2026-04-27T16:34:33","guid":{"rendered":"https:\/\/www.tuvendes.com.ar\/demo\/producto\/name-tag-alloy-blanco-chico\/"},"modified":"2026-05-01T10:13:22","modified_gmt":"2026-05-01T10:13:22","slug":"name-tag-alloy-blanco-chico","status":"publish","type":"product","link":"https:\/\/www.tuvendes.com.ar\/demo\/producto\/name-tag-alloy-blanco-chico\/","title":{"rendered":"Name Tag Alloy Blanco Chico"},"content":{"rendered":"<p>Name tag peque\u00f1o fabricado en aleaci\u00f3n de aluminio combinado con im\u00e1n y ABS. Cuenta con sistema magn\u00e9tico de sujeci\u00f3n. Es ideal para identificaci\u00f3n laboral en comercios, instituciones y eventos empresariales<\/p>\n<p>Instrucciones de personalizaci\u00f3n:<br \/>\nIngres\u00e1 en \u201cDescarg\u00e1 material\u201d y acced\u00e9 a la carpeta del producto. All\u00ed vas a encontrar la \u201cPlantilla de personalizaci\u00f3n\u201d. Complet\u00e1 el Excel con los datos que quieras incluir en cada credencial y adjunta el archivo al momento de finalizar la compra.<\/p>\n<p>TAHG<\/p>\n<p>Dimensiones<\/p>\n<p>Del producto:<br \/>\n 7.5&#215;0.1&#215;2.5 cm.<br \/>\n Peso unitario: 14.1 g.<br \/>\n Empaque individual: Bolsa.<\/p>\n<p>Del empaque:<br \/>\n 15x20x45 cm.<br \/>\n Peso unitario: 5640 g.<br \/>\n Unidades por caja: 400.<\/p>\n","protected":false},"excerpt":{"rendered":"<p>Name tag peque\u00f1o fabricado en aleaci\u00f3n de aluminio combinado con im\u00e1n y ABS. Cuenta con sistema magn\u00e9tico de sujeci\u00f3n. Es<\/p>\n","protected":false},"featured_media":49027,"template":"","meta":[],"product_brand":[1891],"product_cat":[1760,1754],"product_tag":[],"class_list":{"0":"post-49026","1":"product","2":"type-product","3":"status-publish","4":"has-post-thumbnail","6":"product_brand-tahg","7":"product_cat-2026-novedades","8":"product_cat-escritorio","9":"pa_variant-blanco-aluminio-zamac","11":"first","12":"instock","13":"shipping-taxable","14":"purchasable","15":"product-type-variable"},"_links":{"self":[{"href":"https:\/\/www.tuvendes.com.ar\/demo\/wp-json\/wp\/v2\/product\/49026","targetHints":{"allow":["GET"]}}],"collection":[{"href":"https:\/\/www.tuvendes.com.ar\/demo\/wp-json\/wp\/v2\/product"}],"about":[{"href":"https:\/\/www.tuvendes.com.ar\/demo\/wp-json\/wp\/v2\/types\/product"}],"wp:featuredmedia":[{"embeddable":true,"href":"https:\/\/www.tuvendes.com.ar\/demo\/wp-json\/wp\/v2\/media\/49027"}],"wp:attachment":[{"href":"https:\/\/www.tuvendes.com.ar\/demo\/wp-json\/wp\/v2\/media?parent=49026"}],"wp:term":[{"taxonomy":"product_brand","embeddable":true,"href":"https:\/\/www.tuvendes.com.ar\/demo\/wp-json\/wp\/v2\/product_brand?post=49026"},{"taxonomy":"product_cat","embeddable":true,"href":"https:\/\/www.tuvendes.com.ar\/demo\/wp-json\/wp\/v2\/product_cat?post=49026"},{"taxonomy":"product_tag","embeddable":true,"href":"https:\/\/www.tuvendes.com.ar\/demo\/wp-json\/wp\/v2\/product_tag?post=49026"}],"curies":[{"name":"wp","href":"https:\/\/api.w.org\/{rel}","templated":true}]}}