{"id":511,"date":"2024-11-12T19:43:00","date_gmt":"2024-11-12T19:43:00","guid":{"rendered":"https:\/\/www.tuvendes.com.ar\/demo\/producto\/mochilas-tokio\/"},"modified":"2025-08-28T12:02:33","modified_gmt":"2025-08-28T12:02:33","slug":"mochilas-tokio","status":"publish","type":"product","link":"https:\/\/www.tuvendes.com.ar\/demo\/producto\/mochilas-tokio\/","title":{"rendered":"Mochilas Tokio"},"content":{"rendered":"<div class=\"flex-shrink-0 flex flex-col relative items-end\">\n<div>\n<div class=\"pt-0\">\n<div class=\"gizmo-bot-avatar flex h-8 w-8 items-center justify-center overflow-hidden rounded-full\">\n<div class=\"relative p-1 rounded-sm flex items-center justify-center bg-token-main-surface-primary text-token-text-primary h-8 w-8\">La <em>Mochila Tokio<\/em> destaca por su dise\u00f1o funcional y su confecci\u00f3n en tela <em><strong>Reversed PVC (<a href=\"https:\/\/www.elementi.com.ar\/2024\/11\/05\/reversed-pvc\/\">que es?<\/a>)<\/strong><\/em>, un material duradero y resistente al desgaste. Este modelo cuenta con un sistema <em>expandible<\/em> que permite ajustar la capacidad seg\u00fan lo que necesites llevar, brindando versatilidad en tu rutina diaria o en escapadas cortas. La tela no permite bordados, pero ofrece una superficie ideal para t\u00e9cnicas de personalizaci\u00f3n como la impresi\u00f3n DTF.<\/div>\n<div><\/div>\n<div class=\"relative p-1 rounded-sm flex items-center justify-center bg-token-main-surface-primary text-token-text-primary h-8 w-8\">Una opci\u00f3n pr\u00e1ctica y moderna que se adapta a cualquier estilo de vida. Las mochilas hechas con Reversed PVC suelen ser m\u00e1s elegantes y menos brillantes, ofreciendo un look moderno y sofisticado. Compartimento porta-notebook.<\/div>\n<\/div>\n<\/div>\n<\/div>\n<\/div>\n<p>Impresa Full Color con <a href=\"https:\/\/www.elementi.com.ar\/2024\/03\/18\/dtf-direct-to-film\/\">DTF<\/a>.<\/p>\n<p>Colores disponibles: azul, gris y negro.<\/p>\n<p><em><strong>Con medidas de 40x30x6 cm<\/strong><\/em>. Su dise\u00f1o expandible permite ajustar la capacidad desde <strong>12 L hasta 19 L<\/strong>, adapt\u00e1ndose a tus necesidades.<\/p>\n","protected":false},"excerpt":{"rendered":"<p>La <em>Mochila Tokio<\/em> esta confeccionado en <strong>tela <em>Reversed PVC (<a href=\"https:\/\/www.elementi.com.ar\/2024\/11\/05\/reversed-pvc\/\">que es?<\/a>)<\/em><\/strong>, un material resistente y de f\u00e1cil mantenimiento. Su dise\u00f1o incluye una <em><strong>estructura expandible<\/strong><\/em>, lo que permite aumentar su capacidad seg\u00fan tus necesidades, incorpora un bolsillo frontal de f\u00e1cil acceso, perfecto para art\u00edculos que necesit\u00e1s tener a mano. Dada la naturaleza de su material,<strong> no es posible personalizarla mediante bordado, se imprime full color con DTF.<\/strong><\/p>\n<p>Compartimento porta-notebook.<br \/>\nColores disponibles: azul, gris y negro.<br \/>\nImpresa Full Color con <a href=\"https:\/\/www.elementi.com.ar\/2024\/03\/18\/dtf-direct-to-film\/\">DTF<\/a>.<\/p>\n<p>&nbsp;<\/p>\n","protected":false},"featured_media":512,"template":"","meta":[],"product_brand":[],"product_cat":[124],"product_tag":[],"class_list":{"0":"post-511","1":"product","2":"type-product","3":"status-publish","4":"has-post-thumbnail","6":"product_cat-elementi","7":"pa_custom-impresion-full-color","8":"pa_custom-sin-personalizacion","10":"first","11":"instock","12":"shipping-taxable","13":"purchasable","14":"product-type-variable"},"_links":{"self":[{"href":"https:\/\/www.tuvendes.com.ar\/demo\/wp-json\/wp\/v2\/product\/511","targetHints":{"allow":["GET"]}}],"collection":[{"href":"https:\/\/www.tuvendes.com.ar\/demo\/wp-json\/wp\/v2\/product"}],"about":[{"href":"https:\/\/www.tuvendes.com.ar\/demo\/wp-json\/wp\/v2\/types\/product"}],"wp:featuredmedia":[{"embeddable":true,"href":"https:\/\/www.tuvendes.com.ar\/demo\/wp-json\/wp\/v2\/media\/512"}],"wp:attachment":[{"href":"https:\/\/www.tuvendes.com.ar\/demo\/wp-json\/wp\/v2\/media?parent=511"}],"wp:term":[{"taxonomy":"product_brand","embeddable":true,"href":"https:\/\/www.tuvendes.com.ar\/demo\/wp-json\/wp\/v2\/product_brand?post=511"},{"taxonomy":"product_cat","embeddable":true,"href":"https:\/\/www.tuvendes.com.ar\/demo\/wp-json\/wp\/v2\/product_cat?post=511"},{"taxonomy":"product_tag","embeddable":true,"href":"https:\/\/www.tuvendes.com.ar\/demo\/wp-json\/wp\/v2\/product_tag?post=511"}],"curies":[{"name":"wp","href":"https:\/\/api.w.org\/{rel}","templated":true}]}}