{"id":514,"date":"2024-11-12T19:43:03","date_gmt":"2024-11-12T19:43:03","guid":{"rendered":"https:\/\/www.tuvendes.com.ar\/demo\/producto\/libreta-borges-a5\/"},"modified":"2025-08-28T12:02:00","modified_gmt":"2025-08-28T12:02:00","slug":"libreta-borges-a5","status":"publish","type":"product","link":"https:\/\/www.tuvendes.com.ar\/demo\/producto\/libreta-borges-a5\/","title":{"rendered":"Libreta Borges A5"},"content":{"rendered":"<div class=\"flex-1 overflow-hidden\">\n<div class=\"h-full\">\n<div class=\"react-scroll-to-bottom--css-vukjq-79elbk h-full\">\n<div class=\"react-scroll-to-bottom--css-vukjq-1n7m0yu\">\n<div class=\"flex flex-col text-sm\">\n<article class=\"w-full text-token-text-primary focus-visible:outline-2 focus-visible:outline-offset-[-4px]\" dir=\"auto\" data-testid=\"conversation-turn-149\" data-scroll-anchor=\"true\">\n<div class=\"text-base py-[18px] px-3 md:px-4 m-auto md:px-5\">\n<div class=\"mx-auto flex flex-1 gap-4 text-base md:gap-5 lg:gap-6 md:max-w-3xl lg:max-w-[40rem] xl:max-w-[48rem]\">\n<div class=\"group\/conversation-turn relative flex w-full min-w-0 flex-col agent-turn\">\n<div class=\"flex-col gap-1 md:gap-3\">\n<div class=\"flex max-w-full flex-col flex-grow\">\n<div class=\"min-h-[20px] text-message flex w-full flex-col items-end gap-2 whitespace-pre-wrap break-words [.text-message+&amp;]:mt-5 overflow-x-auto\" dir=\"auto\" data-message-author-role=\"assistant\" data-message-id=\"663d98a9-e62b-40db-a7cf-f7ab20d5a31c\">\n<div class=\"flex w-full flex-col gap-1 empty:hidden first:pt-[3px]\">\n<div class=\"markdown prose w-full break-words dark:prose-invert light\">\n<p>Sumale un toque de sofisticaci\u00f3n a tu d\u00eda a d\u00eda con la <strong>Libreta Borges<\/strong> de dise\u00f1o exclusivo. Su combinaci\u00f3n de texturas y colores le da un aire moderno y profesional, ideal para cualquier situaci\u00f3n, ya sea en la oficina o en reuniones importantes.<\/p>\n<ul>\n<li><strong>Dise\u00f1o Premium:<\/strong> Esta libreta cuenta con una tapa elegante hecha de <em>special PU<\/em> y <em>normal PU<\/em>, lo que asegura durabilidad y una sensaci\u00f3n suave al tacto.<\/li>\n<li><strong>Cierre El\u00e1stico:<\/strong> Manten\u00e9 tus notas seguras con el cierre el\u00e1stico que envuelve la libreta, garantizando que tus documentos y apuntes m\u00e1s importantes queden bien protegidos.<\/li>\n<li><strong>Borde de Hojas a Juego:<\/strong> Las 96 hojas rayadas de tama\u00f1o A5 tienen el borde del mismo color que la tapa, agregando un detalle de estilo que resalta (en este caso, negro).<\/li>\n<li><strong>Soporte para Bol\u00edgrafo:<\/strong> Incluye un soporte lateral para que siempre tengas a mano tu birome favorita.<\/li>\n<li><strong>Versatilidad:<\/strong> Perfecta para tomar notas, planificar tu d\u00eda o capturar esas ideas brillantes. La <strong>Libreta Borges<\/strong> es la compa\u00f1era ideal para cualquier profesional.<\/li>\n<\/ul>\n<p>Hac\u00e9 de la <strong>Libreta Borges<\/strong> tu aliada en organizaci\u00f3n y estilo, disponible ahora para sumarle un toque de clase a tu colecci\u00f3n de papeler\u00eda.<\/p>\n<\/div>\n<\/div>\n<\/div>\n<\/div>\n<\/div>\n<\/div>\n<\/div>\n<\/div>\n<\/article>\n<\/div>\n<\/div>\n<\/div>\n<\/div>\n<\/div>\n<p>Medidas: A5 14,6 x 21 cm<br \/>\n\u00c1rea de impresi\u00f3n: 7 x 12 cm<br \/>\nColores: Azul Marino y Negro<\/p>\n<p>Se imprime con tintas UV<\/p>\n","protected":false},"excerpt":{"rendered":"<p><strong>Libreta Borges A5<\/strong> con tapa de special PU y normal PU, 96 hojas rayadas con borde a juego y cierre el\u00e1stico. Incluye soporte para birome, Elegante y funcional, ideal para organizar tus ideas con estilo.<\/p>\n<p>Medidas: A5 14,8 x 21 cm<br \/>\n\u00c1rea de impresi\u00f3n: 7 x 12 cm<br \/>\nColores: Azul marino y Negro<\/p>\n","protected":false},"featured_media":518,"template":"","meta":[],"product_brand":[],"product_cat":[124],"product_tag":[],"class_list":{"0":"post-514","1":"product","2":"type-product","3":"status-publish","4":"has-post-thumbnail","6":"product_cat-elementi","7":"pa_custom-impresion-full-color","8":"pa_custom-sin-personalizacion","10":"first","11":"instock","12":"shipping-taxable","13":"purchasable","14":"product-type-variable"},"_links":{"self":[{"href":"https:\/\/www.tuvendes.com.ar\/demo\/wp-json\/wp\/v2\/product\/514","targetHints":{"allow":["GET"]}}],"collection":[{"href":"https:\/\/www.tuvendes.com.ar\/demo\/wp-json\/wp\/v2\/product"}],"about":[{"href":"https:\/\/www.tuvendes.com.ar\/demo\/wp-json\/wp\/v2\/types\/product"}],"wp:featuredmedia":[{"embeddable":true,"href":"https:\/\/www.tuvendes.com.ar\/demo\/wp-json\/wp\/v2\/media\/518"}],"wp:attachment":[{"href":"https:\/\/www.tuvendes.com.ar\/demo\/wp-json\/wp\/v2\/media?parent=514"}],"wp:term":[{"taxonomy":"product_brand","embeddable":true,"href":"https:\/\/www.tuvendes.com.ar\/demo\/wp-json\/wp\/v2\/product_brand?post=514"},{"taxonomy":"product_cat","embeddable":true,"href":"https:\/\/www.tuvendes.com.ar\/demo\/wp-json\/wp\/v2\/product_cat?post=514"},{"taxonomy":"product_tag","embeddable":true,"href":"https:\/\/www.tuvendes.com.ar\/demo\/wp-json\/wp\/v2\/product_tag?post=514"}],"curies":[{"name":"wp","href":"https:\/\/api.w.org\/{rel}","templated":true}]}}