{"id":565,"date":"2024-11-12T19:43:14","date_gmt":"2024-11-12T19:43:14","guid":{"rendered":"https:\/\/www.tuvendes.com.ar\/demo\/?post_type=product&#038;p=565"},"modified":"2025-08-28T12:03:40","modified_gmt":"2025-08-28T12:03:40","slug":"boligrafo-jade-win","status":"publish","type":"product","link":"https:\/\/www.tuvendes.com.ar\/demo\/producto\/boligrafo-jade-win\/","title":{"rendered":"Bol\u00edgrafo Jade Win"},"content":{"rendered":"<p>El Bol\u00edgrafo Jade Win es pl\u00e1stico de alta gama. El bot\u00f3n y la puntera son metalizados en color plateado. El grip de estos bol\u00edgrafos es de pl\u00e1stico color, efecto frost. El clip es de metal plateado. Se imprimen por proceso tampogr\u00e1fico o impresi\u00f3n UV. El bol\u00edgrafo Jade Win tiene tanque de tinta tipo \u201cParker\u201d y color de escritura negro.<br \/>\nColores disponibles: azul; verde; rojo; naranja; violeta; blanco y negro.<\/p>\n<p>Contamos con tecnolog\u00eda de impresi\u00f3n UV (cama plana) full color y tampograf\u00eda de hasta tres colores de las biromes \/ bol\u00edgrafos personalizadas modelo Jade Win.<\/p>\n<p><strong>ELEMENTI en Acci\u00f3n<\/strong><\/p><\/p>\n","protected":false},"excerpt":{"rendered":"<p>Bol\u00edgrafos Personalizados con Logo Full Color. El Bol\u00edgrafo Jade Win es pl\u00e1stico de alta gama. El bot\u00f3n y la puntera son metalizados en color plateado. El grip de estos bol\u00edgrafos es de pl\u00e1stico color, efecto frost. El clip es de metal plateado. Se imprimen por proceso tampogr\u00e1fico o impresi\u00f3n UV. El bol\u00edgrafo Jade Win tiene tanque de tinta tipo \u201cParker\u201d y color de escritura negro.,<\/p>\n<p>Contamos con tecnolog\u00eda de impresi\u00f3n UV (cama plana) full color y tampograf\u00eda de hasta tres colores de las biromes \/ bol\u00edgrafos personalizadas modelo Jade Win.<\/p>\n<p>Adicional impresi\u00f3n en dos caras: <\/p>\n<p>$131,31+iva<\/p><\/p>\n","protected":false},"featured_media":566,"template":"","meta":[],"product_brand":[],"product_cat":[124],"product_tag":[],"class_list":{"0":"post-565","1":"product","2":"type-product","3":"status-publish","4":"has-post-thumbnail","6":"product_cat-elementi","7":"pa_custom-impresion-full-color","8":"pa_custom-sin-personalizacion","10":"first","11":"instock","12":"shipping-taxable","13":"purchasable","14":"product-type-variable"},"_links":{"self":[{"href":"https:\/\/www.tuvendes.com.ar\/demo\/wp-json\/wp\/v2\/product\/565","targetHints":{"allow":["GET"]}}],"collection":[{"href":"https:\/\/www.tuvendes.com.ar\/demo\/wp-json\/wp\/v2\/product"}],"about":[{"href":"https:\/\/www.tuvendes.com.ar\/demo\/wp-json\/wp\/v2\/types\/product"}],"wp:featuredmedia":[{"embeddable":true,"href":"https:\/\/www.tuvendes.com.ar\/demo\/wp-json\/wp\/v2\/media\/566"}],"wp:attachment":[{"href":"https:\/\/www.tuvendes.com.ar\/demo\/wp-json\/wp\/v2\/media?parent=565"}],"wp:term":[{"taxonomy":"product_brand","embeddable":true,"href":"https:\/\/www.tuvendes.com.ar\/demo\/wp-json\/wp\/v2\/product_brand?post=565"},{"taxonomy":"product_cat","embeddable":true,"href":"https:\/\/www.tuvendes.com.ar\/demo\/wp-json\/wp\/v2\/product_cat?post=565"},{"taxonomy":"product_tag","embeddable":true,"href":"https:\/\/www.tuvendes.com.ar\/demo\/wp-json\/wp\/v2\/product_tag?post=565"}],"curies":[{"name":"wp","href":"https:\/\/api.w.org\/{rel}","templated":true}]}}