{"id":568,"date":"2024-11-12T19:43:17","date_gmt":"2024-11-12T19:43:17","guid":{"rendered":"https:\/\/www.tuvendes.com.ar\/demo\/producto\/calendario-mural\/"},"modified":"2025-08-01T21:53:00","modified_gmt":"2025-08-01T21:53:00","slug":"calendario-mural","status":"publish","type":"product","link":"https:\/\/www.tuvendes.com.ar\/demo\/producto\/calendario-mural\/","title":{"rendered":"Calendario Mural"},"content":{"rendered":"<p>Nuestros Calendarios o Almanaques Murales se imprimen Full color y son totalmente personalizados. Se fabrican en papel semi-mate de 225g y se entregan con varilla met\u00e1lica para colgar. El arte se dise\u00f1a seg\u00fan la necesidad de cada cliente.<\/p>\n","protected":false},"excerpt":{"rendered":"<p>Nuestros Calendarios o Almanaques Murales se imprimen Full color y son totalmente personalizados. Se fabrican en papel semi-mate de 225g y se entregan con varilla met\u00e1lica para colgar. El arte se dise\u00f1a seg\u00fan la necesidad de cada cliente.<\/p>\n","protected":false},"featured_media":572,"template":"","meta":[],"product_brand":[],"product_cat":[124],"product_tag":[],"class_list":{"0":"post-568","1":"product","2":"type-product","3":"status-publish","4":"has-post-thumbnail","6":"product_cat-elementi","8":"first","9":"instock","10":"shipping-taxable","11":"purchasable","12":"product-type-variable"},"_links":{"self":[{"href":"https:\/\/www.tuvendes.com.ar\/demo\/wp-json\/wp\/v2\/product\/568","targetHints":{"allow":["GET"]}}],"collection":[{"href":"https:\/\/www.tuvendes.com.ar\/demo\/wp-json\/wp\/v2\/product"}],"about":[{"href":"https:\/\/www.tuvendes.com.ar\/demo\/wp-json\/wp\/v2\/types\/product"}],"wp:featuredmedia":[{"embeddable":true,"href":"https:\/\/www.tuvendes.com.ar\/demo\/wp-json\/wp\/v2\/media\/572"}],"wp:attachment":[{"href":"https:\/\/www.tuvendes.com.ar\/demo\/wp-json\/wp\/v2\/media?parent=568"}],"wp:term":[{"taxonomy":"product_brand","embeddable":true,"href":"https:\/\/www.tuvendes.com.ar\/demo\/wp-json\/wp\/v2\/product_brand?post=568"},{"taxonomy":"product_cat","embeddable":true,"href":"https:\/\/www.tuvendes.com.ar\/demo\/wp-json\/wp\/v2\/product_cat?post=568"},{"taxonomy":"product_tag","embeddable":true,"href":"https:\/\/www.tuvendes.com.ar\/demo\/wp-json\/wp\/v2\/product_tag?post=568"}],"curies":[{"name":"wp","href":"https:\/\/api.w.org\/{rel}","templated":true}]}}