{"id":6069,"date":"2024-11-15T18:35:01","date_gmt":"2024-11-15T18:35:01","guid":{"rendered":"https:\/\/www.tuvendes.com.ar\/demo\/producto\/boligrafo-foster\/"},"modified":"2026-05-06T12:26:41","modified_gmt":"2026-05-06T12:26:41","slug":"boligrafo-foster","status":"publish","type":"product","link":"https:\/\/www.tuvendes.com.ar\/demo\/producto\/boligrafo-foster\/","title":{"rendered":"Boligrafo Foster"},"content":{"rendered":"<p>Bol\u00edgrafo pl\u00e1stico de cuerpo de color s\u00f3lido y clip en color blanco. Apertura con pulsador. Tinta Azul 1000 m de longitud de escritura. Zecat<\/p>\n","protected":false},"excerpt":{"rendered":"<p>Bol\u00edgrafo pl\u00e1stico de cuerpo de color s\u00f3lido y clip en color blanco. Apertura con pulsador. Tinta Azul 1000 m de<\/p>\n","protected":false},"featured_media":44200,"template":"","meta":[],"product_brand":[1820],"product_cat":[1761,1780],"product_tag":[],"class_list":{"0":"post-6069","1":"product","2":"type-product","3":"status-publish","4":"has-post-thumbnail","6":"product_brand-zecat","7":"product_cat-escritura","8":"product_cat-proximos-arribos","9":"pa_variant-gris-clip-blanco","10":"pa_variant-negro-clip-blanco","11":"pa_variant-rojo-clip-blanco","13":"first","14":"instock","15":"shipping-taxable","16":"purchasable","17":"product-type-variable"},"_links":{"self":[{"href":"https:\/\/www.tuvendes.com.ar\/demo\/wp-json\/wp\/v2\/product\/6069","targetHints":{"allow":["GET"]}}],"collection":[{"href":"https:\/\/www.tuvendes.com.ar\/demo\/wp-json\/wp\/v2\/product"}],"about":[{"href":"https:\/\/www.tuvendes.com.ar\/demo\/wp-json\/wp\/v2\/types\/product"}],"wp:featuredmedia":[{"embeddable":true,"href":"https:\/\/www.tuvendes.com.ar\/demo\/wp-json\/wp\/v2\/media\/44200"}],"wp:attachment":[{"href":"https:\/\/www.tuvendes.com.ar\/demo\/wp-json\/wp\/v2\/media?parent=6069"}],"wp:term":[{"taxonomy":"product_brand","embeddable":true,"href":"https:\/\/www.tuvendes.com.ar\/demo\/wp-json\/wp\/v2\/product_brand?post=6069"},{"taxonomy":"product_cat","embeddable":true,"href":"https:\/\/www.tuvendes.com.ar\/demo\/wp-json\/wp\/v2\/product_cat?post=6069"},{"taxonomy":"product_tag","embeddable":true,"href":"https:\/\/www.tuvendes.com.ar\/demo\/wp-json\/wp\/v2\/product_tag?post=6069"}],"curies":[{"name":"wp","href":"https:\/\/api.w.org\/{rel}","templated":true}]}}