{"id":627,"date":"2024-11-12T19:43:32","date_gmt":"2024-11-12T19:43:32","guid":{"rendered":"https:\/\/www.tuvendes.com.ar\/demo\/producto\/iman-en-rollo\/"},"modified":"2025-08-27T12:07:24","modified_gmt":"2025-08-27T12:07:24","slug":"iman-en-rollo","status":"publish","type":"product","link":"https:\/\/www.tuvendes.com.ar\/demo\/producto\/iman-en-rollo\/","title":{"rendered":"Im\u00e1n en Rollo"},"content":{"rendered":"<p>Rollos de Im\u00e1n de 40m x 62cm de 0,3mm con o sin Adhesivo, con terminaci\u00f3n de Laca UV sobre la cara visible y sin PVC. Ideales para todo tipo de imantados.<br \/>\nProducto importado y de alta calidad. Este producto no puede enviarse, debe gestionar el retiro por nuestra oficina.<\/p>\n","protected":false},"excerpt":{"rendered":"<p>Rollo de Im\u00e1n de 40m x 62cm de 0,3mm con o sin Adhesivo, con terminaci\u00f3n de Laca UV sobre la cara visible y sin PVC.<\/p>\n<p>Ideal para todo tipo de imantados.<\/p>\n<p>Este producto no puede enviarse, debe gestionar el retiro por nuestra oficina.<\/p>\n","protected":false},"featured_media":632,"template":"","meta":[],"product_brand":[],"product_cat":[124],"product_tag":[],"class_list":{"0":"post-627","1":"product","2":"type-product","3":"status-publish","4":"has-post-thumbnail","6":"product_cat-elementi","7":"pa_material-con-adhesivo","8":"pa_material-sin-adhesivo","10":"first","11":"instock","12":"shipping-taxable","13":"purchasable","14":"product-type-variable"},"_links":{"self":[{"href":"https:\/\/www.tuvendes.com.ar\/demo\/wp-json\/wp\/v2\/product\/627","targetHints":{"allow":["GET"]}}],"collection":[{"href":"https:\/\/www.tuvendes.com.ar\/demo\/wp-json\/wp\/v2\/product"}],"about":[{"href":"https:\/\/www.tuvendes.com.ar\/demo\/wp-json\/wp\/v2\/types\/product"}],"wp:featuredmedia":[{"embeddable":true,"href":"https:\/\/www.tuvendes.com.ar\/demo\/wp-json\/wp\/v2\/media\/632"}],"wp:attachment":[{"href":"https:\/\/www.tuvendes.com.ar\/demo\/wp-json\/wp\/v2\/media?parent=627"}],"wp:term":[{"taxonomy":"product_brand","embeddable":true,"href":"https:\/\/www.tuvendes.com.ar\/demo\/wp-json\/wp\/v2\/product_brand?post=627"},{"taxonomy":"product_cat","embeddable":true,"href":"https:\/\/www.tuvendes.com.ar\/demo\/wp-json\/wp\/v2\/product_cat?post=627"},{"taxonomy":"product_tag","embeddable":true,"href":"https:\/\/www.tuvendes.com.ar\/demo\/wp-json\/wp\/v2\/product_tag?post=627"}],"curies":[{"name":"wp","href":"https:\/\/api.w.org\/{rel}","templated":true}]}}