{"id":628,"date":"2024-11-12T19:43:32","date_gmt":"2024-11-12T19:43:32","guid":{"rendered":"https:\/\/www.tuvendes.com.ar\/demo\/producto\/boligrafo-fox-biromes-personalizadas\/"},"modified":"2025-08-28T12:03:14","modified_gmt":"2025-08-28T12:03:14","slug":"boligrafo-fox-biromes-personalizadas","status":"publish","type":"product","link":"https:\/\/www.tuvendes.com.ar\/demo\/producto\/boligrafo-fox-biromes-personalizadas\/","title":{"rendered":"Bol\u00edgrafo Fox &#8211; Biromes Personalizadas"},"content":{"rendered":"<p>\u00bfEst\u00e1s buscando un bol\u00edgrafo funcional y atractivo para promocionar tu marca? Nuestros Bol\u00edgrafos Fox son la opci\u00f3n perfecta. Con su cuerpo de pl\u00e1stico blanco y grip de color, estos bol\u00edgrafos cuentan con un clip y bot\u00f3n met\u00e1licos en color plateado que les dan un toque elegante.<\/p>\n<p>Adem\u00e1s, nuestros Bol\u00edgrafos Fox cuentan con un tanque de tinta tipo \u00abParker\u00bb y su color de escritura es negro, lo que los hace ideales para cualquier situaci\u00f3n. Puedes personalizarlos con tu logotipo o dise\u00f1o en impresi\u00f3n full color con tecnolog\u00eda UV de cama plana o en tampograf\u00eda de hasta tres colores, seg\u00fan tus necesidades.<\/p>\n<p>Ya sea que los necesites para tu negocio, evento o como un regalo promocional, nuestros Bol\u00edgrafos Fox son una excelente opci\u00f3n para destacar tu marca de una manera pr\u00e1ctica y efectiva. \u00a1Compra ahora tus bol\u00edgrafos personalizados o sin personalizaci\u00f3n con Elementi!<\/p>\n<p><strong>ELEMENTI en Acci\u00f3n<\/strong><\/p><\/p>\n","protected":false},"excerpt":{"rendered":"<p>El cuerpo es de pl\u00e1stico de color blanco con grip y clip de color. Posee bot\u00f3n y puntera metalizados en color plateado. Se imprimen full color. Nuestros Bol\u00edgrafos Fox tienen tanque de tinta tipo \u201cParker\u201d y color de escritura negro.<\/p>\n<p>Compr\u00e1 Biromes Fox personalizadas con logo full color o sin personalizaci\u00f3n.<\/p>\n<p>Contamos con tecnolog\u00eda de impresi\u00f3n UV (cama plana) full color y tampograf\u00eda de hasta tres colores de las biromes \/ bol\u00edgrafos personalizadas modelo Fox.<\/p>\n<p>Adicional impresi\u00f3n en dos caras: <\/p>\n<p>$131,31+iva<\/p><\/p>\n","protected":false},"featured_media":633,"template":"","meta":[],"product_brand":[],"product_cat":[124],"product_tag":[],"class_list":{"0":"post-628","1":"product","2":"type-product","3":"status-publish","4":"has-post-thumbnail","6":"product_cat-elementi","7":"pa_custom-impresion-full-color","8":"pa_custom-sin-personalizacion","10":"first","11":"instock","12":"shipping-taxable","13":"purchasable","14":"product-type-variable"},"_links":{"self":[{"href":"https:\/\/www.tuvendes.com.ar\/demo\/wp-json\/wp\/v2\/product\/628","targetHints":{"allow":["GET"]}}],"collection":[{"href":"https:\/\/www.tuvendes.com.ar\/demo\/wp-json\/wp\/v2\/product"}],"about":[{"href":"https:\/\/www.tuvendes.com.ar\/demo\/wp-json\/wp\/v2\/types\/product"}],"wp:featuredmedia":[{"embeddable":true,"href":"https:\/\/www.tuvendes.com.ar\/demo\/wp-json\/wp\/v2\/media\/633"}],"wp:attachment":[{"href":"https:\/\/www.tuvendes.com.ar\/demo\/wp-json\/wp\/v2\/media?parent=628"}],"wp:term":[{"taxonomy":"product_brand","embeddable":true,"href":"https:\/\/www.tuvendes.com.ar\/demo\/wp-json\/wp\/v2\/product_brand?post=628"},{"taxonomy":"product_cat","embeddable":true,"href":"https:\/\/www.tuvendes.com.ar\/demo\/wp-json\/wp\/v2\/product_cat?post=628"},{"taxonomy":"product_tag","embeddable":true,"href":"https:\/\/www.tuvendes.com.ar\/demo\/wp-json\/wp\/v2\/product_tag?post=628"}],"curies":[{"name":"wp","href":"https:\/\/api.w.org\/{rel}","templated":true}]}}