{"id":6878,"date":"2024-11-15T18:41:14","date_gmt":"2024-11-15T18:41:14","guid":{"rendered":"https:\/\/www.tuvendes.com.ar\/demo\/producto\/jarro-mocca\/"},"modified":"2026-05-06T20:01:43","modified_gmt":"2026-05-06T20:01:43","slug":"jarro-mocca","status":"publish","type":"product","link":"https:\/\/www.tuvendes.com.ar\/demo\/producto\/jarro-mocca\/","title":{"rendered":"Jarro Mocca"},"content":{"rendered":"<p>Jarro t\u00e9rmico reutilizable de 400ml, apto para bebidas calientes o fr\u00edas. Est\u00e1 realizado 100% en polipropileno, un pl\u00e1stico reciclable. Ideal para recargar el t\u00e9 o caf\u00e9 \u00a1y reducir el consumo de pl\u00e1sticos de un solo uso! <\/p>\n<p>Producto aprobado por el I.N.A.L. para el contacto con alimentos.<br \/>\nCapacidad: 400ml. <\/p>\n<p>Es apto para lavavajillas. No es apto para microondas.<\/p>\n<p>ReUseMe<\/p>\n","protected":false},"excerpt":{"rendered":"<p>Jarro t\u00e9rmico reutilizable de 400ml, apto para bebidas calientes o fr\u00edas. Est\u00e1 realizado 100% en polipropileno, un pl\u00e1stico reciclable. Ideal<\/p>\n","protected":false},"featured_media":44104,"template":"","meta":[],"product_brand":[1896],"product_cat":[1758,1752,1780,1755],"product_tag":[],"class_list":{"0":"post-6878","1":"product","2":"type-product","3":"status-publish","4":"has-post-thumbnail","6":"product_brand-re-use-me","7":"product_cat-2026-reingresos","8":"product_cat-drinkware","9":"product_cat-proximos-arribos","10":"product_cat-sustentables","11":"pa_variant-amarillo-blanco-plastico","12":"pa_variant-azul-blanco-plastico","13":"pa_variant-blanco-blanco-plastico","14":"pa_variant-naranja-blanco-plastico","15":"pa_variant-negro-negro-plastico","16":"pa_variant-rojo-blanco-plastico","17":"pa_variant-rosa-blanco-plastico","18":"pa_variant-turquesa-blanco-plastico","19":"pa_variant-verde-blanco-plastico","21":"first","22":"instock","23":"shipping-taxable","24":"purchasable","25":"product-type-variable"},"_links":{"self":[{"href":"https:\/\/www.tuvendes.com.ar\/demo\/wp-json\/wp\/v2\/product\/6878","targetHints":{"allow":["GET"]}}],"collection":[{"href":"https:\/\/www.tuvendes.com.ar\/demo\/wp-json\/wp\/v2\/product"}],"about":[{"href":"https:\/\/www.tuvendes.com.ar\/demo\/wp-json\/wp\/v2\/types\/product"}],"wp:featuredmedia":[{"embeddable":true,"href":"https:\/\/www.tuvendes.com.ar\/demo\/wp-json\/wp\/v2\/media\/44104"}],"wp:attachment":[{"href":"https:\/\/www.tuvendes.com.ar\/demo\/wp-json\/wp\/v2\/media?parent=6878"}],"wp:term":[{"taxonomy":"product_brand","embeddable":true,"href":"https:\/\/www.tuvendes.com.ar\/demo\/wp-json\/wp\/v2\/product_brand?post=6878"},{"taxonomy":"product_cat","embeddable":true,"href":"https:\/\/www.tuvendes.com.ar\/demo\/wp-json\/wp\/v2\/product_cat?post=6878"},{"taxonomy":"product_tag","embeddable":true,"href":"https:\/\/www.tuvendes.com.ar\/demo\/wp-json\/wp\/v2\/product_tag?post=6878"}],"curies":[{"name":"wp","href":"https:\/\/api.w.org\/{rel}","templated":true}]}}