{"id":7347,"date":"2024-11-15T18:44:46","date_gmt":"2024-11-15T18:44:46","guid":{"rendered":"https:\/\/www.tuvendes.com.ar\/demo\/producto\/set-stationary-visibility\/"},"modified":"2026-05-06T17:01:28","modified_gmt":"2026-05-06T17:01:28","slug":"set-stationary-visibility","status":"publish","type":"product","link":"https:\/\/www.tuvendes.com.ar\/demo\/producto\/set-stationary-visibility\/","title":{"rendered":"Set Stationery Visibility"},"content":{"rendered":"<p>Cartuchera pl\u00e1stica transparente con cierre. Incluye: Bol\u00edgrafo (Tinta Azul), l\u00e1piz, regla y sacapuntas.<br \/>\nColores: negro, rojo y azul.<br \/>\nTahg.<\/p>\n","protected":false},"excerpt":{"rendered":"<p>Cartuchera pl\u00e1stica transparente con cierre. Incluye: Bol\u00edgrafo (Tinta Azul), l\u00e1piz, regla y sacapuntas. Colores: negro, rojo y azul. Tahg.<\/p>\n","protected":false},"featured_media":42181,"template":"","meta":[],"product_brand":[1891],"product_cat":[1754,1761,1780],"product_tag":[],"class_list":{"0":"post-7347","1":"product","2":"type-product","3":"status-publish","4":"has-post-thumbnail","6":"product_brand-tahg","7":"product_cat-escritorio","8":"product_cat-escritura","9":"product_cat-proximos-arribos","10":"pa_variant-negro-plastico","11":"pa_variant-rojo-plastico","13":"first","14":"instock","15":"shipping-taxable","16":"purchasable","17":"product-type-variable"},"_links":{"self":[{"href":"https:\/\/www.tuvendes.com.ar\/demo\/wp-json\/wp\/v2\/product\/7347","targetHints":{"allow":["GET"]}}],"collection":[{"href":"https:\/\/www.tuvendes.com.ar\/demo\/wp-json\/wp\/v2\/product"}],"about":[{"href":"https:\/\/www.tuvendes.com.ar\/demo\/wp-json\/wp\/v2\/types\/product"}],"wp:featuredmedia":[{"embeddable":true,"href":"https:\/\/www.tuvendes.com.ar\/demo\/wp-json\/wp\/v2\/media\/42181"}],"wp:attachment":[{"href":"https:\/\/www.tuvendes.com.ar\/demo\/wp-json\/wp\/v2\/media?parent=7347"}],"wp:term":[{"taxonomy":"product_brand","embeddable":true,"href":"https:\/\/www.tuvendes.com.ar\/demo\/wp-json\/wp\/v2\/product_brand?post=7347"},{"taxonomy":"product_cat","embeddable":true,"href":"https:\/\/www.tuvendes.com.ar\/demo\/wp-json\/wp\/v2\/product_cat?post=7347"},{"taxonomy":"product_tag","embeddable":true,"href":"https:\/\/www.tuvendes.com.ar\/demo\/wp-json\/wp\/v2\/product_tag?post=7347"}],"curies":[{"name":"wp","href":"https:\/\/api.w.org\/{rel}","templated":true}]}}