{"id":7491,"date":"2024-11-15T18:45:28","date_gmt":"2024-11-15T18:45:28","guid":{"rendered":"https:\/\/www.tuvendes.com.ar\/demo\/?post_type=product&#038;p=7491"},"modified":"2026-05-06T10:19:06","modified_gmt":"2026-05-06T10:19:06","slug":"parlante-share","status":"publish","type":"product","link":"https:\/\/www.tuvendes.com.ar\/demo\/producto\/parlante-share\/","title":{"rendered":"Parlante Share"},"content":{"rendered":"<p>Parlante port\u00e1til con tecnolog\u00eda Bluetooth, micr\u00f3fono manos libres y modo radio FM, realizado en ABS. Incluye ranura para lectura de tarjetas de memoria micro SD. | Bater\u00eda de 500mAh | Potencia del parlante: 3W  | Conexi\u00f3n5V\/300mA  | Peso: 160g | Medidas120 x 30 x 60mm | Tahg<\/p>\n<p>Dimensiones<\/p>\n<p>Del producto:<br \/>\n 3x12x6 cm.<br \/>\n Peso unitario: 154 g.<br \/>\n Empaque individual: Caja.<\/p>\n<p>Del empaque:<br \/>\n 30&#215;32.5&#215;18.5 cm.<br \/>\n Peso unitario: 7700 g.<br \/>\n Unidades por caja: 50.<\/p>\n","protected":false},"excerpt":{"rendered":"<p>Parlante port\u00e1til con tecnolog\u00eda Bluetooth, micr\u00f3fono manos libres y modo radio FM, realizado en ABS. Incluye ranura para lectura de<\/p>\n","protected":false},"featured_media":44570,"template":"","meta":[],"product_brand":[1891],"product_cat":[1932,1756],"product_tag":[],"class_list":{"0":"post-7491","1":"product","2":"type-product","3":"status-publish","4":"has-post-thumbnail","6":"product_brand-tahg","7":"product_cat-2026-dia-del-padre","8":"product_cat-tecnologia","9":"pa_variant-gris-claro-gris-claro-abs","10":"pa_variant-negro-negro-abs","12":"first","13":"instock","14":"shipping-taxable","15":"purchasable","16":"product-type-variable"},"_links":{"self":[{"href":"https:\/\/www.tuvendes.com.ar\/demo\/wp-json\/wp\/v2\/product\/7491","targetHints":{"allow":["GET"]}}],"collection":[{"href":"https:\/\/www.tuvendes.com.ar\/demo\/wp-json\/wp\/v2\/product"}],"about":[{"href":"https:\/\/www.tuvendes.com.ar\/demo\/wp-json\/wp\/v2\/types\/product"}],"wp:featuredmedia":[{"embeddable":true,"href":"https:\/\/www.tuvendes.com.ar\/demo\/wp-json\/wp\/v2\/media\/44570"}],"wp:attachment":[{"href":"https:\/\/www.tuvendes.com.ar\/demo\/wp-json\/wp\/v2\/media?parent=7491"}],"wp:term":[{"taxonomy":"product_brand","embeddable":true,"href":"https:\/\/www.tuvendes.com.ar\/demo\/wp-json\/wp\/v2\/product_brand?post=7491"},{"taxonomy":"product_cat","embeddable":true,"href":"https:\/\/www.tuvendes.com.ar\/demo\/wp-json\/wp\/v2\/product_cat?post=7491"},{"taxonomy":"product_tag","embeddable":true,"href":"https:\/\/www.tuvendes.com.ar\/demo\/wp-json\/wp\/v2\/product_tag?post=7491"}],"curies":[{"name":"wp","href":"https:\/\/api.w.org\/{rel}","templated":true}]}}