{"id":7683,"date":"2024-11-15T18:46:48","date_gmt":"2024-11-15T18:46:48","guid":{"rendered":"https:\/\/www.tuvendes.com.ar\/demo\/?post_type=product&#038;p=7683"},"modified":"2026-05-06T10:19:03","modified_gmt":"2026-05-06T10:19:03","slug":"parlante-rew","status":"publish","type":"product","link":"https:\/\/www.tuvendes.com.ar\/demo\/producto\/parlante-rew\/","title":{"rendered":"Parlante Rew"},"content":{"rendered":"<p>Parlante port\u00e1til con tecnolog\u00eda Bluetooth v5.0. Realizado en ABS. No incluye micr\u00f3fono manos libres. Bater\u00eda de 300mAh | Potencia del parlante: 3W | Frecuencia:20 Hz &#8211; 20 KHz | Conexi\u00f3n5v\/300mA | Alcance: 10 metros | Peso: 56g | Medidas125*45*18 mm | Tahg<\/p>\n<p>Dimensiones<\/p>\n<p>Del producto:<br \/>\n 4.5&#215;1.8&#215;12.5 cm.<br \/>\n Peso unitario: 56 g.<br \/>\n Empaque individual: Caja.<\/p>\n<p>Del empaque:<br \/>\n 22&#215;37.5&#215;34.5 cm.<br \/>\n Peso unitario: 6720 g.<br \/>\n Unidades por caja: 120.<\/p>\n","protected":false},"excerpt":{"rendered":"<p>Parlante port\u00e1til con tecnolog\u00eda Bluetooth v5.0. Realizado en ABS. No incluye micr\u00f3fono manos libres. Bater\u00eda de 300mAh | Potencia del<\/p>\n","protected":false},"featured_media":44439,"template":"","meta":[],"product_brand":[1891],"product_cat":[1756],"product_tag":[],"class_list":{"0":"post-7683","1":"product","2":"type-product","3":"status-publish","4":"has-post-thumbnail","6":"product_brand-tahg","7":"product_cat-tecnologia","8":"pa_variant-negro-negro-abs","10":"first","11":"instock","12":"shipping-taxable","13":"purchasable","14":"product-type-variable"},"_links":{"self":[{"href":"https:\/\/www.tuvendes.com.ar\/demo\/wp-json\/wp\/v2\/product\/7683","targetHints":{"allow":["GET"]}}],"collection":[{"href":"https:\/\/www.tuvendes.com.ar\/demo\/wp-json\/wp\/v2\/product"}],"about":[{"href":"https:\/\/www.tuvendes.com.ar\/demo\/wp-json\/wp\/v2\/types\/product"}],"wp:featuredmedia":[{"embeddable":true,"href":"https:\/\/www.tuvendes.com.ar\/demo\/wp-json\/wp\/v2\/media\/44439"}],"wp:attachment":[{"href":"https:\/\/www.tuvendes.com.ar\/demo\/wp-json\/wp\/v2\/media?parent=7683"}],"wp:term":[{"taxonomy":"product_brand","embeddable":true,"href":"https:\/\/www.tuvendes.com.ar\/demo\/wp-json\/wp\/v2\/product_brand?post=7683"},{"taxonomy":"product_cat","embeddable":true,"href":"https:\/\/www.tuvendes.com.ar\/demo\/wp-json\/wp\/v2\/product_cat?post=7683"},{"taxonomy":"product_tag","embeddable":true,"href":"https:\/\/www.tuvendes.com.ar\/demo\/wp-json\/wp\/v2\/product_tag?post=7683"}],"curies":[{"name":"wp","href":"https:\/\/api.w.org\/{rel}","templated":true}]}}