{"id":781,"date":"2024-11-12T19:44:21","date_gmt":"2024-11-12T19:44:21","guid":{"rendered":"https:\/\/www.tuvendes.com.ar\/demo\/producto\/porta-tacos-publicitarios\/"},"modified":"2025-08-21T20:44:51","modified_gmt":"2025-08-21T20:44:51","slug":"porta-tacos-publicitarios","status":"publish","type":"product","link":"https:\/\/www.tuvendes.com.ar\/demo\/producto\/porta-tacos-publicitarios\/","title":{"rendered":"Porta Tacos Publicitarios"},"content":{"rendered":"<p>Las im\u00e1genes son de car\u00e1cter ilustrativo.<\/p>\n<p>Las medidas son: 9,5 cm x 9,5 cm x 4,2 cm.<\/p>\n<p>\u00c1rea m\u00e1xima de impresi\u00f3n; 8 cm. x 3,5 cm.<\/p>\n<p>Se entregan sin hojas.<\/p>\n<p>5 d\u00edas h\u00e1biles de producci\u00f3n a partir de la aprobaci\u00f3n de los originales.<\/p>\n<p class=\"flcb span11 mlcero\">En caso de que traiga su propio dise\u00f1o, preferimos en formato para PC y con la tipograf\u00eda pasada a curvas y una impresi\u00f3n testigo. M\u00e1s informaci\u00f3n acerca de archivos y productos.<br \/>\nTambi\u00e9n recibimos los archivos por e-mail.<br \/>\nNo se cobra recargo por dise\u00f1o.<br \/>\nLa impresi\u00f3n es en todas las caras iguales.<\/p>\n","protected":false},"excerpt":{"rendered":"<p>Nuestros Porta Tacos o Porta Cubos Anotadores son de material pl\u00e1stico y pueden contener hasta 500 hojas de 90 x 90 mm. Se pueden imprimir hasta 3 colores en 3 de sus 4 caras y vienen en las siguientes variedades de colores: Blanco, Negro, Fum\u00e9 (Gris) y Transparente. Se entregan sin hojas.<\/p>\n","protected":false},"featured_media":788,"template":"","meta":[],"product_brand":[],"product_cat":[124],"product_tag":[],"class_list":{"0":"post-781","1":"product","2":"type-product","3":"status-publish","4":"has-post-thumbnail","6":"product_cat-elementi","7":"pa_custom-impresion-de-1-cara","8":"pa_custom-impresion-de-2-caras","9":"pa_custom-impresion-de-3-caras","11":"first","12":"instock","13":"shipping-taxable","14":"purchasable","15":"product-type-variable"},"_links":{"self":[{"href":"https:\/\/www.tuvendes.com.ar\/demo\/wp-json\/wp\/v2\/product\/781","targetHints":{"allow":["GET"]}}],"collection":[{"href":"https:\/\/www.tuvendes.com.ar\/demo\/wp-json\/wp\/v2\/product"}],"about":[{"href":"https:\/\/www.tuvendes.com.ar\/demo\/wp-json\/wp\/v2\/types\/product"}],"wp:featuredmedia":[{"embeddable":true,"href":"https:\/\/www.tuvendes.com.ar\/demo\/wp-json\/wp\/v2\/media\/788"}],"wp:attachment":[{"href":"https:\/\/www.tuvendes.com.ar\/demo\/wp-json\/wp\/v2\/media?parent=781"}],"wp:term":[{"taxonomy":"product_brand","embeddable":true,"href":"https:\/\/www.tuvendes.com.ar\/demo\/wp-json\/wp\/v2\/product_brand?post=781"},{"taxonomy":"product_cat","embeddable":true,"href":"https:\/\/www.tuvendes.com.ar\/demo\/wp-json\/wp\/v2\/product_cat?post=781"},{"taxonomy":"product_tag","embeddable":true,"href":"https:\/\/www.tuvendes.com.ar\/demo\/wp-json\/wp\/v2\/product_tag?post=781"}],"curies":[{"name":"wp","href":"https:\/\/api.w.org\/{rel}","templated":true}]}}