{"id":8358,"date":"2024-11-15T18:51:41","date_gmt":"2024-11-15T18:51:41","guid":{"rendered":"https:\/\/www.tuvendes.com.ar\/demo\/producto\/auriculares-nalu\/"},"modified":"2026-04-30T20:26:03","modified_gmt":"2026-04-30T20:26:03","slug":"auriculares-nalu","status":"publish","type":"product","link":"https:\/\/www.tuvendes.com.ar\/demo\/producto\/auriculares-nalu\/","title":{"rendered":"Auriculares NALU"},"content":{"rendered":"<p>Auriculares inal\u00e1mbricos con estuche de carga y micr\u00f3fono incorporado. Posee tecnolog\u00eda bluetooth 5.0. La capacidad de carga es de 300mA y su duraci\u00f3n en funcionamiento es de 3-5 horas seguidas. Estuche fabricado en ABS, bamboo y silicona gris, incluye cable. Medidas: 9,5 x 3,5 x 3,5 cm. ReUseMe.<\/p>\n","protected":false},"excerpt":{"rendered":"<p>Auriculares inal\u00e1mbricos con estuche de carga y micr\u00f3fono incorporado. Posee tecnolog\u00eda bluetooth 5.0. La capacidad de carga es de 300mA<\/p>\n","protected":false},"featured_media":43228,"template":"","meta":[],"product_brand":[1896],"product_cat":[1759,1755,1756,1772],"product_tag":[],"class_list":{"0":"post-8358","1":"product","2":"type-product","3":"status-publish","4":"has-post-thumbnail","6":"product_brand-re-use-me","7":"product_cat-logo-24hs","8":"product_cat-sustentables","9":"product_cat-tecnologia","10":"product_cat-viajes","11":"pa_variant-blanco-plastico","13":"first","14":"instock","15":"shipping-taxable","16":"purchasable","17":"product-type-variable"},"_links":{"self":[{"href":"https:\/\/www.tuvendes.com.ar\/demo\/wp-json\/wp\/v2\/product\/8358","targetHints":{"allow":["GET"]}}],"collection":[{"href":"https:\/\/www.tuvendes.com.ar\/demo\/wp-json\/wp\/v2\/product"}],"about":[{"href":"https:\/\/www.tuvendes.com.ar\/demo\/wp-json\/wp\/v2\/types\/product"}],"wp:featuredmedia":[{"embeddable":true,"href":"https:\/\/www.tuvendes.com.ar\/demo\/wp-json\/wp\/v2\/media\/43228"}],"wp:attachment":[{"href":"https:\/\/www.tuvendes.com.ar\/demo\/wp-json\/wp\/v2\/media?parent=8358"}],"wp:term":[{"taxonomy":"product_brand","embeddable":true,"href":"https:\/\/www.tuvendes.com.ar\/demo\/wp-json\/wp\/v2\/product_brand?post=8358"},{"taxonomy":"product_cat","embeddable":true,"href":"https:\/\/www.tuvendes.com.ar\/demo\/wp-json\/wp\/v2\/product_cat?post=8358"},{"taxonomy":"product_tag","embeddable":true,"href":"https:\/\/www.tuvendes.com.ar\/demo\/wp-json\/wp\/v2\/product_tag?post=8358"}],"curies":[{"name":"wp","href":"https:\/\/api.w.org\/{rel}","templated":true}]}}